{"id":1327,"date":"2018-09-02T21:34:04","date_gmt":"2018-09-02T18:34:04","guid":{"rendered":"https:\/\/hws250.com\/iva-impuesto-sobre-el-valor-agregado\/"},"modified":"2020-02-01T21:32:42","modified_gmt":"2020-02-01T19:32:42","slug":"iva-impuesto-sobre-el-valor-agregado","status":"publish","type":"page","link":"https:\/\/hws250.com\/es\/iva-impuesto-sobre-el-valor-agregado\/","title":{"rendered":"IVA &#8211; IMPUESTO SOBRE EL VALOR AGREGADO"},"content":{"rendered":"\t\t<div data-elementor-type=\"wp-post\" data-elementor-id=\"1327\" class=\"elementor elementor-1327 elementor-856\" data-elementor-post-type=\"page\">\n\t\t\t\t\t\t<section class=\"elementor-section elementor-top-section elementor-element elementor-element-4d416bb elementor-section-boxed elementor-section-height-default elementor-section-height-default\" data-id=\"4d416bb\" data-element_type=\"section\" data-e-type=\"section\">\n\t\t\t\t\t\t<div class=\"elementor-container elementor-column-gap-default\">\n\t\t\t\t\t<div class=\"elementor-column elementor-col-100 elementor-top-column elementor-element elementor-element-fbd1da6\" data-id=\"fbd1da6\" data-element_type=\"column\" data-e-type=\"column\">\n\t\t\t<div class=\"elementor-widget-wrap elementor-element-populated\">\n\t\t\t\t\t\t<div class=\"elementor-element elementor-element-d9d9fa4 elementor-widget elementor-widget-heading\" data-id=\"d9d9fa4\" data-element_type=\"widget\" data-e-type=\"widget\" data-widget_type=\"heading.default\">\n\t\t\t\t<div class=\"elementor-widget-container\">\n\t\t\t\t\t<h1 class=\"elementor-heading-title elementor-size-default\"><b>IVA<\/b> - Impuesto sobre el Valor Agregado<\/h1>\t\t\t\t<\/div>\n\t\t\t\t<\/div>\n\t\t\t\t\t<\/div>\n\t\t<\/div>\n\t\t\t\t\t<\/div>\n\t\t<\/section>\n\t\t\t\t<section class=\"elementor-section elementor-top-section elementor-element elementor-element-4e5f2f5 elementor-section-boxed elementor-section-height-default elementor-section-height-default\" data-id=\"4e5f2f5\" data-element_type=\"section\" data-e-type=\"section\">\n\t\t\t\t\t\t<div class=\"elementor-container elementor-column-gap-default\">\n\t\t\t\t\t<div class=\"elementor-column elementor-col-100 elementor-top-column elementor-element elementor-element-9a42c41\" data-id=\"9a42c41\" data-element_type=\"column\" data-e-type=\"column\">\n\t\t\t<div class=\"elementor-widget-wrap elementor-element-populated\">\n\t\t\t\t\t\t<div class=\"elementor-element elementor-element-647091c elementor-widget elementor-widget-text-editor\" data-id=\"647091c\" data-element_type=\"widget\" data-e-type=\"widget\" data-widget_type=\"text-editor.default\">\n\t\t\t\t<div class=\"elementor-widget-container\">\n\t\t\t\t\t\t\t\t\t<p class=\"western\"><span style=\"font-size: 16px; color: #000000;\">Los precios de todos los productos y costos de env\u00edo seleccionados en HWS250!.com eShop incluyen un 20% de IVA <em>(el precio sin impuestos se muestra entre par\u00e9ntesis).<\/em><\/span><\/p><p class=\"western\"><span style=\"font-size: 16px; color: #000000;\"><span style=\"color: #ff0000;\"><strong>Por ejemplo:<\/strong><\/span>\u00a0Plataforma de ranurado \u00abMINI\u00bb &#8211; <span style=\"text-decoration: underline;\"><strong>48,60 \u20ac<\/strong> (sin IVA 39,00 \u20ac)<\/span>.\u00a0<em>(V\u00e9ase la imagen a continuaci\u00f3n).<\/em><\/span><\/p>\t\t\t\t\t\t\t\t<\/div>\n\t\t\t\t<\/div>\n\t\t\t\t<div class=\"elementor-element elementor-element-1dd18f1 elementor-widget elementor-widget-image\" data-id=\"1dd18f1\" data-element_type=\"widget\" data-e-type=\"widget\" data-widget_type=\"image.default\">\n\t\t\t\t<div class=\"elementor-widget-container\">\n\t\t\t\t\t\t\t\t\t\t\t\t\t\t\t<img fetchpriority=\"high\" decoding=\"async\" width=\"1024\" height=\"410\" src=\"https:\/\/hws250.com\/wp-content\/uploads\/2020\/02\/iva-hws250.com_-1024x410.jpg\" class=\"attachment-large size-large wp-image-4596\" alt=\"\" srcset=\"https:\/\/hws250.com\/wp-content\/uploads\/2020\/02\/iva-hws250.com_-1024x410.jpg 1024w, https:\/\/hws250.com\/wp-content\/uploads\/2020\/02\/iva-hws250.com_-300x120.jpg 300w, https:\/\/hws250.com\/wp-content\/uploads\/2020\/02\/iva-hws250.com_-768x307.jpg 768w, https:\/\/hws250.com\/wp-content\/uploads\/2020\/02\/iva-hws250.com_-600x240.jpg 600w, https:\/\/hws250.com\/wp-content\/uploads\/2020\/02\/iva-hws250.com_.jpg 1417w\" sizes=\"(max-width: 1024px) 100vw, 1024px\" \/>\t\t\t\t\t\t\t\t\t\t\t\t\t\t\t<\/div>\n\t\t\t\t<\/div>\n\t\t\t\t\t<\/div>\n\t\t<\/div>\n\t\t\t\t\t<\/div>\n\t\t<\/section>\n\t\t\t\t<section class=\"elementor-section elementor-top-section elementor-element elementor-element-6e344a9 elementor-section-boxed elementor-section-height-default elementor-section-height-default\" data-id=\"6e344a9\" data-element_type=\"section\" data-e-type=\"section\">\n\t\t\t\t\t\t<div class=\"elementor-container elementor-column-gap-default\">\n\t\t\t\t\t<div class=\"elementor-column elementor-col-100 elementor-top-column elementor-element elementor-element-8484ce2\" data-id=\"8484ce2\" data-element_type=\"column\" data-e-type=\"column\">\n\t\t\t<div class=\"elementor-widget-wrap elementor-element-populated\">\n\t\t\t\t\t\t<div class=\"elementor-element elementor-element-8561e75 elementor-widget elementor-widget-heading\" data-id=\"8561e75\" data-element_type=\"widget\" data-e-type=\"widget\" data-widget_type=\"heading.default\">\n\t\t\t\t<div class=\"elementor-widget-container\">\n\t\t\t\t\t<h2 class=\"elementor-heading-title elementor-size-default\"><b>IVA<\/b> para clientes dentro de la UE (Uni\u00f3n Europea)<\/h2>\t\t\t\t<\/div>\n\t\t\t\t<\/div>\n\t\t\t\t<div class=\"elementor-element elementor-element-2bd826c elementor-widget elementor-widget-text-editor\" data-id=\"2bd826c\" data-element_type=\"widget\" data-e-type=\"widget\" data-widget_type=\"text-editor.default\">\n\t\t\t\t<div class=\"elementor-widget-container\">\n\t\t\t\t\t\t\t\t\t<p class=\"western\"><span style=\"color: #000000; font-size: 16px;\">De acuerdo con las leyes que rigen para los miembros de la UE, <strong>hws250.com est\u00e1 obligado<\/strong> a cobrar impuestos sobre todos los pedidos entregados en pa\u00edses miembros de la UE.<\/span><\/p>\n<p class=\"western\"><span style=\"color: #000000; font-size: 16px;\"><span style=\"color: #ff0000;\"><strong>\u00a1Tenga en cuenta!<\/strong><\/span>\u00a0Si Ud. es un responsable inscripto ante el IVA, todas las entregas de pedidos dentro de la Uni\u00f3n Europea ser\u00e1n sin #IVA.<\/span><\/p>\n\t\t\t\t\t\t\t\t<\/div>\n\t\t\t\t<\/div>\n\t\t\t\t<div class=\"elementor-element elementor-element-c0859e9 elementor-widget elementor-widget-text-editor\" data-id=\"c0859e9\" data-element_type=\"widget\" data-e-type=\"widget\" data-widget_type=\"text-editor.default\">\n\t\t\t\t<div class=\"elementor-widget-container\">\n\t\t\t\t\t\t\t\t\t<p><span style=\"font-size: 16px; color: #000000;\"><span style=\"color: #ff0000;\"><strong>!<\/strong> <\/span><span style=\"text-decoration: underline;\">Para que su orden sea<\/span> \u00ablibre de impuestos\u00bb, agregue manualmente el #IVA durante el proceso de pago <strong>(por ejemplo: EE101649234)<\/strong>. Nuestro sistema de pago en l\u00ednea verificar\u00e1 de manera autom\u00e1tica que el #IVA indicado por Ud. sea correcto.\u00a0<\/span><\/p>\n<p><em><span style=\"font-size: 16px; color: #000000;\">(V\u00e9ase la imagen a continuaci\u00f3n.)<\/span><\/em><\/p>\n\t\t\t\t\t\t\t\t<\/div>\n\t\t\t\t<\/div>\n\t\t\t\t<div class=\"elementor-element elementor-element-d7b990a elementor-widget elementor-widget-image\" data-id=\"d7b990a\" data-element_type=\"widget\" data-e-type=\"widget\" data-widget_type=\"image.default\">\n\t\t\t\t<div class=\"elementor-widget-container\">\n\t\t\t\t\t\t\t\t\t\t\t\t\t\t\t<img decoding=\"async\" width=\"1024\" height=\"410\" src=\"https:\/\/hws250.com\/wp-content\/uploads\/2020\/02\/iva-www.hws250.com_-2-1024x410.jpg\" class=\"attachment-large size-large wp-image-4641\" alt=\"\" srcset=\"https:\/\/hws250.com\/wp-content\/uploads\/2020\/02\/iva-www.hws250.com_-2-1024x410.jpg 1024w, https:\/\/hws250.com\/wp-content\/uploads\/2020\/02\/iva-www.hws250.com_-2-300x120.jpg 300w, https:\/\/hws250.com\/wp-content\/uploads\/2020\/02\/iva-www.hws250.com_-2-768x307.jpg 768w, https:\/\/hws250.com\/wp-content\/uploads\/2020\/02\/iva-www.hws250.com_-2-600x240.jpg 600w, https:\/\/hws250.com\/wp-content\/uploads\/2020\/02\/iva-www.hws250.com_-2.jpg 1417w\" sizes=\"(max-width: 1024px) 100vw, 1024px\" \/>\t\t\t\t\t\t\t\t\t\t\t\t\t\t\t<\/div>\n\t\t\t\t<\/div>\n\t\t\t\t<div class=\"elementor-element elementor-element-5f16cc0 elementor-widget elementor-widget-text-editor\" data-id=\"5f16cc0\" data-element_type=\"widget\" data-e-type=\"widget\" data-widget_type=\"text-editor.default\">\n\t\t\t\t<div class=\"elementor-widget-container\">\n\t\t\t\t\t\t\t\t\t<p class=\"western\"><span style=\"font-size: 16px; color: #000000;\">\u00a1Puede verificar su <strong><a style=\"color: #000000;\" href=\"http:\/\/ec.europa.eu\/taxation_customs\/vies\/\" target=\"_blank\" rel=\"noopener\">#IVA aqu\u00ed!<\/a><\/strong><\/span><\/p>\n\t\t\t\t\t\t\t\t<\/div>\n\t\t\t\t<\/div>\n\t\t\t\t<div class=\"elementor-element elementor-element-625f690 elementor-widget elementor-widget-heading\" data-id=\"625f690\" data-element_type=\"widget\" data-e-type=\"widget\" data-widget_type=\"heading.default\">\n\t\t\t\t<div class=\"elementor-widget-container\">\n\t\t\t\t\t<h2 class=\"elementor-heading-title elementor-size-default\"><b>IVA <\/b>para clientes <b>Fuera<\/b> de la UE (0 %)<\/h2>\t\t\t\t<\/div>\n\t\t\t\t<\/div>\n\t\t\t\t<div class=\"elementor-element elementor-element-1b837e9 elementor-widget elementor-widget-text-editor\" data-id=\"1b837e9\" data-element_type=\"widget\" data-e-type=\"widget\" data-widget_type=\"text-editor.default\">\n\t\t\t\t<div class=\"elementor-widget-container\">\n\t\t\t\t\t\t\t\t\t<p class=\"western\"><span style=\"font-size: 16px; color: #000000;\">Para env\u00edo a pa\u00edses <strong>fuera de la UE<\/strong> <span style=\"text-decoration: underline;\">(entre ellos Suiza y Noruega)<\/span>, no se cobrar\u00e1n impuestos.\u00a0Significa que todo el env\u00edo es libre de<strong> IVA (0 %).<\/strong><\/span><\/p>\n\t\t\t\t\t\t\t\t<\/div>\n\t\t\t\t<\/div>\n\t\t\t\t<div class=\"elementor-element elementor-element-49703de elementor-widget elementor-widget-text-editor\" data-id=\"49703de\" data-element_type=\"widget\" data-e-type=\"widget\" data-widget_type=\"text-editor.default\">\n\t\t\t\t<div class=\"elementor-widget-container\">\n\t\t\t\t\t\t\t\t\t<p class=\"western\"><span style=\"color: #000000; font-size: 16px;\"><span style=\"color: #ff0000;\"><strong>!<\/strong> <\/span>Es posible que a estos paquetes se les apliquen aranceles de importaci\u00f3n o exportac\u00edon, seg\u00fan la legislaci\u00f3n del pa\u00eds en cuesti\u00f3n.<\/span><\/p>\n\t\t\t\t\t\t\t\t<\/div>\n\t\t\t\t<\/div>\n\t\t\t\t<div class=\"elementor-element elementor-element-7087fd9 elementor-widget elementor-widget-heading\" data-id=\"7087fd9\" data-element_type=\"widget\" data-e-type=\"widget\" data-widget_type=\"heading.default\">\n\t\t\t\t<div class=\"elementor-widget-container\">\n\t\t\t\t\t<h2 class=\"elementor-heading-title elementor-size-default\"><b>Aranceles aduaneros o de importaci\u00f3n<\/b> para clientes <u>fuera de<\/u> la Uni\u00f3n Europea.<\/h2>\t\t\t\t<\/div>\n\t\t\t\t<\/div>\n\t\t\t\t<div class=\"elementor-element elementor-element-2a82081 elementor-widget elementor-widget-text-editor\" data-id=\"2a82081\" data-element_type=\"widget\" data-e-type=\"widget\" data-widget_type=\"text-editor.default\">\n\t\t\t\t<div class=\"elementor-widget-container\">\n\t\t\t\t\t\t\t\t\t<p class=\"western\"><span style=\"font-size: 16px; color: #000000;\">Los pedidos internacionales pueden estar sujetos a aranceles aduaneros o de importaci\u00f3n adicionales, seg\u00fan la legislaci\u00f3n y regulaciones del pa\u00eds en cuesti\u00f3n.<\/span><\/p>\n<p class=\"western\"><span style=\"font-size: 16px; color: #000000;\"><span style=\"text-decoration: underline;\">Los cargos adicionales<\/span> por el despacho de aduana (aranceles aduaneros) deber\u00e1n ser asumidos por el destinatario.\u00a0Como la pol\u00edtica impositiva y aduanera puede variar mucho en los distintos pa\u00edses y no podemos predecir cu\u00e1l podr\u00eda ser la aplicable, le recomendamos consultar con los funcionarios locales de la aduana o de la administraci\u00f3n tributaria a fin de obtener mayor informaci\u00f3n respecto a las pol\u00edticas o los aranceles aduaneros.<\/span><\/p>\n<p class=\"western\"><span style=\"font-size: 16px; color: #000000;\"><span style=\"text-decoration: underline;\">No seremos responsable de las demoras<\/span> en la entrega causadas por factores externos (como los procedimientos de despacho de aduanas, el clima, las inspecciones, las direcciones incorrectas proporcionadas por el cliente, los conflictos laborales o los problemas en el transporte).<\/span><\/p>\n\t\t\t\t\t\t\t\t<\/div>\n\t\t\t\t<\/div>\n\t\t\t\t<div class=\"elementor-element elementor-element-082230a elementor-widget-divider--view-line elementor-widget elementor-widget-divider\" data-id=\"082230a\" data-element_type=\"widget\" data-e-type=\"widget\" data-widget_type=\"divider.default\">\n\t\t\t\t<div class=\"elementor-widget-container\">\n\t\t\t\t\t\t\t<div class=\"elementor-divider\">\n\t\t\t<span class=\"elementor-divider-separator\">\n\t\t\t\t\t\t<\/span>\n\t\t<\/div>\n\t\t\t\t\t\t<\/div>\n\t\t\t\t<\/div>\n\t\t\t\t<div class=\"elementor-element elementor-element-52d218a elementor-widget elementor-widget-text-editor\" data-id=\"52d218a\" data-element_type=\"widget\" data-e-type=\"widget\" data-widget_type=\"text-editor.default\">\n\t\t\t\t<div class=\"elementor-widget-container\">\n\t\t\t\t\t\t\t\t\t<p class=\"western\"><span style=\"font-size: 16px; color: #000000;\">No dude en ponerse en contacto con nosotros si tiene alguna pregunta.<\/span><\/p>\n\t\t\t\t\t\t\t\t<\/div>\n\t\t\t\t<\/div>\n\t\t\t\t\t<\/div>\n\t\t<\/div>\n\t\t\t\t\t<\/div>\n\t\t<\/section>\n\t\t\t\t<\/div>\n\t\t","protected":false},"excerpt":{"rendered":"<p>IVA &#8211; Impuesto sobre el Valor Agregado Los precios de todos los productos y costos de env\u00edo seleccionados en HWS250!.com eShop incluyen un 20% de IVA (el precio sin impuestos se muestra entre par\u00e9ntesis). Por ejemplo:\u00a0Plataforma de ranurado \u00abMINI\u00bb &#8211; 48,60 \u20ac (sin IVA 39,00 \u20ac).\u00a0(V\u00e9ase la imagen a continuaci\u00f3n). IVA para clientes dentro de [&hellip;]<\/p>\n","protected":false},"author":3,"featured_media":0,"parent":0,"menu_order":0,"comment_status":"closed","ping_status":"closed","template":"","meta":{"ocean_post_layout":"","ocean_both_sidebars_style":"","ocean_both_sidebars_content_width":0,"ocean_both_sidebars_sidebars_width":0,"ocean_sidebar":"0","ocean_second_sidebar":"0","ocean_disable_margins":"enable","ocean_add_body_class":"","ocean_shortcode_before_top_bar":"","ocean_shortcode_after_top_bar":"","ocean_shortcode_before_header":"","ocean_shortcode_after_header":"","ocean_has_shortcode":"","ocean_shortcode_after_title":"","ocean_shortcode_before_footer_widgets":"","ocean_shortcode_after_footer_widgets":"","ocean_shortcode_before_footer_bottom":"","ocean_shortcode_after_footer_bottom":"","ocean_display_top_bar":"default","ocean_display_header":"default","ocean_header_style":"","ocean_center_header_left_menu":"0","ocean_custom_header_template":"0","ocean_custom_logo":0,"ocean_custom_retina_logo":0,"ocean_custom_logo_max_width":0,"ocean_custom_logo_tablet_max_width":0,"ocean_custom_logo_mobile_max_width":0,"ocean_custom_logo_max_height":0,"ocean_custom_logo_tablet_max_height":0,"ocean_custom_logo_mobile_max_height":0,"ocean_header_custom_menu":"0","ocean_menu_typo_font_family":"0","ocean_menu_typo_font_subset":"","ocean_menu_typo_font_size":0,"ocean_menu_typo_font_size_tablet":0,"ocean_menu_typo_font_size_mobile":0,"ocean_menu_typo_font_size_unit":"px","ocean_menu_typo_font_weight":"","ocean_menu_typo_font_weight_tablet":"","ocean_menu_typo_font_weight_mobile":"","ocean_menu_typo_transform":"","ocean_menu_typo_transform_tablet":"","ocean_menu_typo_transform_mobile":"","ocean_menu_typo_line_height":0,"ocean_menu_typo_line_height_tablet":0,"ocean_menu_typo_line_height_mobile":0,"ocean_menu_typo_line_height_unit":"","ocean_menu_typo_spacing":0,"ocean_menu_typo_spacing_tablet":0,"ocean_menu_typo_spacing_mobile":0,"ocean_menu_typo_spacing_unit":"","ocean_menu_link_color":"","ocean_menu_link_color_hover":"","ocean_menu_link_color_active":"","ocean_menu_link_background":"","ocean_menu_link_hover_background":"","ocean_menu_link_active_background":"","ocean_menu_social_links_bg":"","ocean_menu_social_hover_links_bg":"","ocean_menu_social_links_color":"","ocean_menu_social_hover_links_color":"","ocean_disable_title":"default","ocean_disable_heading":"default","ocean_post_title":"","ocean_post_subheading":"","ocean_post_title_style":"","ocean_post_title_background_color":"","ocean_post_title_background":0,"ocean_post_title_bg_image_position":"","ocean_post_title_bg_image_attachment":"","ocean_post_title_bg_image_repeat":"","ocean_post_title_bg_image_size":"","ocean_post_title_height":0,"ocean_post_title_bg_overlay":0.5,"ocean_post_title_bg_overlay_color":"","ocean_disable_breadcrumbs":"default","ocean_breadcrumbs_color":"","ocean_breadcrumbs_separator_color":"","ocean_breadcrumbs_links_color":"","ocean_breadcrumbs_links_hover_color":"","ocean_display_footer_widgets":"default","ocean_display_footer_bottom":"default","ocean_custom_footer_template":"","osh_disable_topbar_sticky":"default","osh_disable_header_sticky":"default","osh_sticky_header_style":"default","osh_sticky_header_effect":"","osh_custom_sticky_logo":0,"osh_custom_retina_sticky_logo":0,"osh_custom_sticky_logo_height":0,"osh_background_color":"","osh_links_color":"","osh_links_hover_color":"","osh_links_active_color":"","osh_links_bg_color":"","osh_links_hover_bg_color":"","osh_links_active_bg_color":"","osh_menu_social_links_color":"","osh_menu_social_hover_links_color":"","footnotes":""},"class_list":["post-1327","page","type-page","status-publish","hentry","entry","owp-thumbs-layout-horizontal","owp-btn-normal","owp-tabs-layout-horizontal","has-no-thumbnails"],"yoast_head":"<!-- This site is optimized with the Yoast SEO plugin v27.3 - https:\/\/yoast.com\/product\/yoast-seo-wordpress\/ -->\n<title>IVA y Aranceles aduaneros o de importaci\u00f3n | Cortador de Espuma HWS250!<\/title>\n<meta name=\"description\" content=\"Los precios de todos los productos y costos de env\u00edo seleccionados en hws250.com incl. un 20% de IVA (el precio sin impuestos se muestra entre par\u00e9ntesis).\" \/>\n<meta name=\"robots\" content=\"index, follow, max-snippet:-1, max-image-preview:large, max-video-preview:-1\" \/>\n<link rel=\"canonical\" href=\"https:\/\/hws250.com\/vat-taxes-customs\/\" \/>\n<meta property=\"og:locale\" content=\"es_ES\" \/>\n<meta property=\"og:type\" content=\"article\" \/>\n<meta property=\"og:title\" content=\"IVA y Aranceles aduaneros o de importaci\u00f3n | Cortador de Espuma HWS250!\" \/>\n<meta property=\"og:description\" content=\"Los precios de todos los productos y costos de env\u00edo seleccionados en hws250.com incl. un 20% de IVA (el precio sin impuestos se muestra entre par\u00e9ntesis).\" \/>\n<meta property=\"og:url\" content=\"https:\/\/hws250.com\/vat-taxes-customs\/\" \/>\n<meta property=\"og:site_name\" content=\"Hot knife cutter HWS250!\" \/>\n<meta property=\"article:modified_time\" content=\"2020-02-01T19:32:42+00:00\" \/>\n<meta property=\"og:image\" content=\"https:\/\/hws250.com\/wp-content\/uploads\/2020\/02\/iva-hws250.com_-1024x410.jpg\" \/>\n<meta name=\"twitter:card\" content=\"summary_large_image\" \/>\n<meta name=\"twitter:label1\" content=\"Tiempo de lectura\" \/>\n\t<meta name=\"twitter:data1\" content=\"2 minutos\" \/>\n<script type=\"application\/ld+json\" class=\"yoast-schema-graph\">{\"@context\":\"https:\\\/\\\/schema.org\",\"@graph\":[{\"@type\":\"WebPage\",\"@id\":\"https:\\\/\\\/hws250.com\\\/vat-taxes-customs\\\/\",\"url\":\"https:\\\/\\\/hws250.com\\\/vat-taxes-customs\\\/\",\"name\":\"IVA y Aranceles aduaneros o de importaci\u00f3n | Cortador de Espuma HWS250!\",\"isPartOf\":{\"@id\":\"https:\\\/\\\/hws250.com\\\/fr\\\/#website\"},\"primaryImageOfPage\":{\"@id\":\"https:\\\/\\\/hws250.com\\\/vat-taxes-customs\\\/#primaryimage\"},\"image\":{\"@id\":\"https:\\\/\\\/hws250.com\\\/vat-taxes-customs\\\/#primaryimage\"},\"thumbnailUrl\":\"https:\\\/\\\/hws250.com\\\/wp-content\\\/uploads\\\/2020\\\/02\\\/iva-hws250.com_-1024x410.jpg\",\"datePublished\":\"2018-09-02T18:34:04+00:00\",\"dateModified\":\"2020-02-01T19:32:42+00:00\",\"description\":\"Los precios de todos los productos y costos de env\u00edo seleccionados en hws250.com incl. un 20% de IVA (el precio sin impuestos se muestra entre par\u00e9ntesis).\",\"breadcrumb\":{\"@id\":\"https:\\\/\\\/hws250.com\\\/vat-taxes-customs\\\/#breadcrumb\"},\"inLanguage\":\"es\",\"potentialAction\":[{\"@type\":\"ReadAction\",\"target\":[\"https:\\\/\\\/hws250.com\\\/vat-taxes-customs\\\/\"]}]},{\"@type\":\"ImageObject\",\"inLanguage\":\"es\",\"@id\":\"https:\\\/\\\/hws250.com\\\/vat-taxes-customs\\\/#primaryimage\",\"url\":\"https:\\\/\\\/hws250.com\\\/wp-content\\\/uploads\\\/2020\\\/02\\\/iva-hws250.com_-1024x410.jpg\",\"contentUrl\":\"https:\\\/\\\/hws250.com\\\/wp-content\\\/uploads\\\/2020\\\/02\\\/iva-hws250.com_-1024x410.jpg\"},{\"@type\":\"BreadcrumbList\",\"@id\":\"https:\\\/\\\/hws250.com\\\/vat-taxes-customs\\\/#breadcrumb\",\"itemListElement\":[{\"@type\":\"ListItem\",\"position\":1,\"name\":\"Home\",\"item\":\"https:\\\/\\\/www.hws250.com\\\/es\\\/\"},{\"@type\":\"ListItem\",\"position\":2,\"name\":\"IVA &#8211; IMPUESTO SOBRE EL VALOR AGREGADO\"}]},{\"@type\":\"WebSite\",\"@id\":\"https:\\\/\\\/hws250.com\\\/fr\\\/#website\",\"url\":\"https:\\\/\\\/hws250.com\\\/fr\\\/\",\"name\":\"Hot knife cutter HWS250!\",\"description\":\"\",\"publisher\":{\"@id\":\"https:\\\/\\\/hws250.com\\\/fr\\\/#organization\"},\"potentialAction\":[{\"@type\":\"SearchAction\",\"target\":{\"@type\":\"EntryPoint\",\"urlTemplate\":\"https:\\\/\\\/hws250.com\\\/fr\\\/?s={search_term_string}\"},\"query-input\":{\"@type\":\"PropertyValueSpecification\",\"valueRequired\":true,\"valueName\":\"search_term_string\"}}],\"inLanguage\":\"es\"},{\"@type\":\"Organization\",\"@id\":\"https:\\\/\\\/hws250.com\\\/fr\\\/#organization\",\"name\":\"Hotwire Systems\",\"url\":\"https:\\\/\\\/hws250.com\\\/fr\\\/\",\"logo\":{\"@type\":\"ImageObject\",\"inLanguage\":\"es\",\"@id\":\"https:\\\/\\\/hws250.com\\\/fr\\\/#\\\/schema\\\/logo\\\/image\\\/\",\"url\":\"https:\\\/\\\/hws250.com\\\/wp-content\\\/uploads\\\/2018\\\/07\\\/hws-logo-s.png\",\"contentUrl\":\"https:\\\/\\\/hws250.com\\\/wp-content\\\/uploads\\\/2018\\\/07\\\/hws-logo-s.png\",\"width\":215,\"height\":55,\"caption\":\"Hotwire Systems\"},\"image\":{\"@id\":\"https:\\\/\\\/hws250.com\\\/fr\\\/#\\\/schema\\\/logo\\\/image\\\/\"}}]}<\/script>\n<!-- \/ Yoast SEO plugin. -->","yoast_head_json":{"title":"IVA y Aranceles aduaneros o de importaci\u00f3n | Cortador de Espuma HWS250!","description":"Los precios de todos los productos y costos de env\u00edo seleccionados en hws250.com incl. un 20% de IVA (el precio sin impuestos se muestra entre par\u00e9ntesis).","robots":{"index":"index","follow":"follow","max-snippet":"max-snippet:-1","max-image-preview":"max-image-preview:large","max-video-preview":"max-video-preview:-1"},"canonical":"https:\/\/hws250.com\/vat-taxes-customs\/","og_locale":"es_ES","og_type":"article","og_title":"IVA y Aranceles aduaneros o de importaci\u00f3n | Cortador de Espuma HWS250!","og_description":"Los precios de todos los productos y costos de env\u00edo seleccionados en hws250.com incl. un 20% de IVA (el precio sin impuestos se muestra entre par\u00e9ntesis).","og_url":"https:\/\/hws250.com\/vat-taxes-customs\/","og_site_name":"Hot knife cutter HWS250!","article_modified_time":"2020-02-01T19:32:42+00:00","og_image":[{"url":"https:\/\/hws250.com\/wp-content\/uploads\/2020\/02\/iva-hws250.com_-1024x410.jpg","type":"","width":"","height":""}],"twitter_card":"summary_large_image","twitter_misc":{"Tiempo de lectura":"2 minutos"},"schema":{"@context":"https:\/\/schema.org","@graph":[{"@type":"WebPage","@id":"https:\/\/hws250.com\/vat-taxes-customs\/","url":"https:\/\/hws250.com\/vat-taxes-customs\/","name":"IVA y Aranceles aduaneros o de importaci\u00f3n | Cortador de Espuma HWS250!","isPartOf":{"@id":"https:\/\/hws250.com\/fr\/#website"},"primaryImageOfPage":{"@id":"https:\/\/hws250.com\/vat-taxes-customs\/#primaryimage"},"image":{"@id":"https:\/\/hws250.com\/vat-taxes-customs\/#primaryimage"},"thumbnailUrl":"https:\/\/hws250.com\/wp-content\/uploads\/2020\/02\/iva-hws250.com_-1024x410.jpg","datePublished":"2018-09-02T18:34:04+00:00","dateModified":"2020-02-01T19:32:42+00:00","description":"Los precios de todos los productos y costos de env\u00edo seleccionados en hws250.com incl. un 20% de IVA (el precio sin impuestos se muestra entre par\u00e9ntesis).","breadcrumb":{"@id":"https:\/\/hws250.com\/vat-taxes-customs\/#breadcrumb"},"inLanguage":"es","potentialAction":[{"@type":"ReadAction","target":["https:\/\/hws250.com\/vat-taxes-customs\/"]}]},{"@type":"ImageObject","inLanguage":"es","@id":"https:\/\/hws250.com\/vat-taxes-customs\/#primaryimage","url":"https:\/\/hws250.com\/wp-content\/uploads\/2020\/02\/iva-hws250.com_-1024x410.jpg","contentUrl":"https:\/\/hws250.com\/wp-content\/uploads\/2020\/02\/iva-hws250.com_-1024x410.jpg"},{"@type":"BreadcrumbList","@id":"https:\/\/hws250.com\/vat-taxes-customs\/#breadcrumb","itemListElement":[{"@type":"ListItem","position":1,"name":"Home","item":"https:\/\/www.hws250.com\/es\/"},{"@type":"ListItem","position":2,"name":"IVA &#8211; IMPUESTO SOBRE EL VALOR AGREGADO"}]},{"@type":"WebSite","@id":"https:\/\/hws250.com\/fr\/#website","url":"https:\/\/hws250.com\/fr\/","name":"Hot knife cutter HWS250!","description":"","publisher":{"@id":"https:\/\/hws250.com\/fr\/#organization"},"potentialAction":[{"@type":"SearchAction","target":{"@type":"EntryPoint","urlTemplate":"https:\/\/hws250.com\/fr\/?s={search_term_string}"},"query-input":{"@type":"PropertyValueSpecification","valueRequired":true,"valueName":"search_term_string"}}],"inLanguage":"es"},{"@type":"Organization","@id":"https:\/\/hws250.com\/fr\/#organization","name":"Hotwire Systems","url":"https:\/\/hws250.com\/fr\/","logo":{"@type":"ImageObject","inLanguage":"es","@id":"https:\/\/hws250.com\/fr\/#\/schema\/logo\/image\/","url":"https:\/\/hws250.com\/wp-content\/uploads\/2018\/07\/hws-logo-s.png","contentUrl":"https:\/\/hws250.com\/wp-content\/uploads\/2018\/07\/hws-logo-s.png","width":215,"height":55,"caption":"Hotwire Systems"},"image":{"@id":"https:\/\/hws250.com\/fr\/#\/schema\/logo\/image\/"}}]}},"_links":{"self":[{"href":"https:\/\/hws250.com\/es\/wp-json\/wp\/v2\/pages\/1327","targetHints":{"allow":["GET"]}}],"collection":[{"href":"https:\/\/hws250.com\/es\/wp-json\/wp\/v2\/pages"}],"about":[{"href":"https:\/\/hws250.com\/es\/wp-json\/wp\/v2\/types\/page"}],"author":[{"embeddable":true,"href":"https:\/\/hws250.com\/es\/wp-json\/wp\/v2\/users\/3"}],"replies":[{"embeddable":true,"href":"https:\/\/hws250.com\/es\/wp-json\/wp\/v2\/comments?post=1327"}],"version-history":[{"count":0,"href":"https:\/\/hws250.com\/es\/wp-json\/wp\/v2\/pages\/1327\/revisions"}],"wp:attachment":[{"href":"https:\/\/hws250.com\/es\/wp-json\/wp\/v2\/media?parent=1327"}],"curies":[{"name":"wp","href":"https:\/\/api.w.org\/{rel}","templated":true}]}}