{"id":7323,"date":"2021-01-19T22:51:20","date_gmt":"2021-01-19T20:51:20","guid":{"rendered":"https:\/\/hws250.com\/?post_type=product&#038;p=7323"},"modified":"2024-02-01T00:31:50","modified_gmt":"2024-01-31T22:31:50","slug":"cuchilla-de-corte-tipo-d15","status":"publish","type":"product","link":"https:\/\/hws250.com\/es\/shop\/cuchilla-de-corte-tipo-d15\/","title":{"rendered":"Cuchilla de corte Tipo-D15! (150mm)"},"content":{"rendered":"<p><span style=\"font-size: 16px; color: #000000;\">El kit principal del cuchillo caliente HWS250! incluye 1x cuchilla de corte Tipo-D25! (L=250 mm (9,84 pulgadas). La cuchilla de corte Tipo-D15! (L=150 mm (5,90 pulgadas) se encuentra disponible como repuesto original.\u00a0<\/span><\/p>\n<h3><span style=\"color: #ff6600;\">Visi\u00f3n general de la Cuchilla de corte Tipo-D15!<\/span><\/h3>\n<p><img fetchpriority=\"high\" decoding=\"async\" class=\"aligncenter wp-image-7362 size-full\" src=\"https:\/\/hws250.com\/wp-content\/uploads\/2021\/01\/cuchilla-de-corte-tipo-d15-hws250-1.jpg\" alt=\"Cuchilla de corte Tipo-D15!\" width=\"1134\" height=\"213\" srcset=\"https:\/\/hws250.com\/wp-content\/uploads\/2021\/01\/cuchilla-de-corte-tipo-d15-hws250-1.jpg 1134w, https:\/\/hws250.com\/wp-content\/uploads\/2021\/01\/cuchilla-de-corte-tipo-d15-hws250-1-300x56.jpg 300w, https:\/\/hws250.com\/wp-content\/uploads\/2021\/01\/cuchilla-de-corte-tipo-d15-hws250-1-1024x192.jpg 1024w, https:\/\/hws250.com\/wp-content\/uploads\/2021\/01\/cuchilla-de-corte-tipo-d15-hws250-1-768x144.jpg 768w, https:\/\/hws250.com\/wp-content\/uploads\/2021\/01\/cuchilla-de-corte-tipo-d15-hws250-1-600x113.jpg 600w\" sizes=\"(max-width: 1134px) 100vw, 1134px\" \/><\/p>\n<hr \/>\n<p><span style=\"font-size: 16px;\"><span style=\"color: #ff6600;\"><strong>|<\/strong> <\/span><\/span><span style=\"color: #000000;\">Los <strong>env\u00edos internacionales<\/strong> se llevan a cabo por<\/span><span style=\"font-size: 16px;\">\u00a0<strong><a href=\"http:\/\/www.tnt.com\">TNT<\/a>, <a href=\"http:\/\/www.ups.com\">UPS<\/a>, <a href=\"http:\/\/www.dpd.com\">DPD<\/a>, <a href=\"http:\/\/www.omniva.ee\" target=\"_blank\" rel=\"noopener noreferrer\">Correo ordinario.<\/a>\u00a0<\/strong><a href=\"https:\/\/hws250.com\/es\/envio-internacional\/\" target=\"_blank\" rel=\"noopener noreferrer\"><span style=\"color: #808080;\">T\u00e9rminos de env\u00edo y entrega!<\/span><\/a><\/span><\/p>\n<hr \/>\n<h3 style=\"text-align: center;\">\t\t<div data-elementor-type=\"page\" data-elementor-id=\"6771\" class=\"elementor elementor-6771 elementor-414\" data-elementor-post-type=\"elementor_library\">\n\t\t\t\t\t\t<section class=\"elementor-section elementor-top-section elementor-element elementor-element-b2496b8 elementor-section-boxed elementor-section-height-default elementor-section-height-default\" data-id=\"b2496b8\" data-element_type=\"section\" data-e-type=\"section\">\n\t\t\t\t\t\t<div class=\"elementor-container elementor-column-gap-default\">\n\t\t\t\t\t<div class=\"elementor-column elementor-col-50 elementor-top-column elementor-element elementor-element-4a4d6b5\" data-id=\"4a4d6b5\" data-element_type=\"column\" data-e-type=\"column\">\n\t\t\t<div class=\"elementor-widget-wrap elementor-element-populated\">\n\t\t\t\t\t\t<div class=\"elementor-element elementor-element-c5c9b9a elementor-widget elementor-widget-heading\" data-id=\"c5c9b9a\" data-element_type=\"widget\" data-e-type=\"widget\" data-widget_type=\"heading.default\">\n\t\t\t\t<div class=\"elementor-widget-container\">\n\t\t\t\t\t<h3 class=\"elementor-heading-title elementor-size-default\">HWS250! \u00a1Video completo!<\/h3>\t\t\t\t<\/div>\n\t\t\t\t<\/div>\n\t\t\t\t<div class=\"elementor-element elementor-element-a23dded elementor-widget-divider--view-line elementor-widget elementor-widget-divider\" data-id=\"a23dded\" data-element_type=\"widget\" data-e-type=\"widget\" data-widget_type=\"divider.default\">\n\t\t\t\t<div class=\"elementor-widget-container\">\n\t\t\t\t\t\t\t<div class=\"elementor-divider\">\n\t\t\t<span class=\"elementor-divider-separator\">\n\t\t\t\t\t\t<\/span>\n\t\t<\/div>\n\t\t\t\t\t\t<\/div>\n\t\t\t\t<\/div>\n\t\t\t\t<div class=\"elementor-element elementor-element-1435281 elementor-widget elementor-widget-video\" data-id=\"1435281\" data-element_type=\"widget\" data-e-type=\"widget\" data-settings=\"{&quot;yt_privacy&quot;:&quot;yes&quot;,&quot;youtube_url&quot;:&quot;https:\\\/\\\/youtu.be\\\/VUlTAbXV1Fo&quot;,&quot;video_type&quot;:&quot;youtube&quot;,&quot;controls&quot;:&quot;yes&quot;}\" data-widget_type=\"video.default\">\n\t\t\t\t<div class=\"elementor-widget-container\">\n\t\t\t\t\t\t\t<div class=\"elementor-wrapper elementor-open-inline\">\n\t\t\t<div class=\"elementor-video\"><\/div>\t\t<\/div>\n\t\t\t\t\t\t<\/div>\n\t\t\t\t<\/div>\n\t\t\t\t\t<\/div>\n\t\t<\/div>\n\t\t\t\t<div class=\"elementor-column elementor-col-50 elementor-top-column elementor-element elementor-element-d37962f\" data-id=\"d37962f\" data-element_type=\"column\" data-e-type=\"column\">\n\t\t\t<div class=\"elementor-widget-wrap elementor-element-populated\">\n\t\t\t\t\t\t<div class=\"elementor-element elementor-element-324103d elementor-widget elementor-widget-heading\" data-id=\"324103d\" data-element_type=\"widget\" data-e-type=\"widget\" data-widget_type=\"heading.default\">\n\t\t\t\t<div class=\"elementor-widget-container\">\n\t\t\t\t\t<h3 class=\"elementor-heading-title elementor-size-default\">HWS250! Kit b\u00e1sico!<\/h3>\t\t\t\t<\/div>\n\t\t\t\t<\/div>\n\t\t\t\t<div class=\"elementor-element elementor-element-d48de24 elementor-widget-divider--view-line elementor-widget elementor-widget-divider\" data-id=\"d48de24\" data-element_type=\"widget\" data-e-type=\"widget\" data-widget_type=\"divider.default\">\n\t\t\t\t<div class=\"elementor-widget-container\">\n\t\t\t\t\t\t\t<div class=\"elementor-divider\">\n\t\t\t<span class=\"elementor-divider-separator\">\n\t\t\t\t\t\t<\/span>\n\t\t<\/div>\n\t\t\t\t\t\t<\/div>\n\t\t\t\t<\/div>\n\t\t\t\t<div class=\"elementor-element elementor-element-062df75 elementor-widget elementor-widget-video\" data-id=\"062df75\" data-element_type=\"widget\" data-e-type=\"widget\" data-settings=\"{&quot;yt_privacy&quot;:&quot;yes&quot;,&quot;youtube_url&quot;:&quot;https:\\\/\\\/youtu.be\\\/i0MDWm-tpg8&quot;,&quot;video_type&quot;:&quot;youtube&quot;,&quot;controls&quot;:&quot;yes&quot;}\" data-widget_type=\"video.default\">\n\t\t\t\t<div class=\"elementor-widget-container\">\n\t\t\t\t\t\t\t<div class=\"elementor-wrapper elementor-open-inline\">\n\t\t\t<div class=\"elementor-video\"><\/div>\t\t<\/div>\n\t\t\t\t\t\t<\/div>\n\t\t\t\t<\/div>\n\t\t\t\t\t<\/div>\n\t\t<\/div>\n\t\t\t\t\t<\/div>\n\t\t<\/section>\n\t\t\t\t<\/div>\n\t\t<\/h3>\n<hr \/>\n<p style=\"text-align: center;\">\t\t<div data-elementor-type=\"page\" data-elementor-id=\"6752\" class=\"elementor elementor-6752 elementor-6348\" data-elementor-post-type=\"elementor_library\">\n\t\t\t\t\t\t<section class=\"elementor-section elementor-top-section elementor-element elementor-element-7742e54 elementor-section-boxed elementor-section-height-default elementor-section-height-default\" data-id=\"7742e54\" data-element_type=\"section\" data-e-type=\"section\">\n\t\t\t\t\t\t<div class=\"elementor-container elementor-column-gap-default\">\n\t\t\t\t\t<div class=\"elementor-column elementor-col-100 elementor-top-column elementor-element elementor-element-6da4305\" data-id=\"6da4305\" data-element_type=\"column\" data-e-type=\"column\">\n\t\t\t<div class=\"elementor-widget-wrap elementor-element-populated\">\n\t\t\t\t\t\t<div class=\"elementor-element elementor-element-5464f49 elementor-widget elementor-widget-text-editor\" data-id=\"5464f49\" data-element_type=\"widget\" data-e-type=\"widget\" data-widget_type=\"text-editor.default\">\n\t\t\t\t<div class=\"elementor-widget-container\">\n\t\t\t\t\t\t\t\t\t<h3 style=\"text-align: center;\"><span style=\"font-size: 36px;\"><span style=\"color: #ff6600;\">\u00bfQuiere ponerse en contacto con nosotros?<\/span><br \/><span style=\"color: #808080;\">\u00a1Nos encantar\u00eda conocer su opini\u00f3n!<\/span><\/span><\/h3><p style=\"text-align: center;\"><span style=\"font-size: 20px;\">Escr\u00edbanos desde el chat ubicado en la esquina de la p\u00e1gina<br \/>o env\u00edenos un correo electr\u00f3nico: <span style=\"color: #0000ff;\">shop@hws250.com<\/span><\/span><\/p>\t\t\t\t\t\t\t\t<\/div>\n\t\t\t\t<\/div>\n\t\t\t\t\t<\/div>\n\t\t<\/div>\n\t\t\t\t\t<\/div>\n\t\t<\/section>\n\t\t\t\t<\/div>\n\t\t<\/p>\n<hr \/>\n<p style=\"text-align: center;\">\n","protected":false},"excerpt":{"rendered":"<h3><span style=\"color: #ff6600;\"><span style=\"color: #808080;\">\u00a1<\/span>Cortes suaves y limpios<span style=\"color: #808080;\">!<\/span><\/span><\/h3>\n<p><span style=\"font-size: 12pt; color: #000000;\">Cuchilla de corte original Tipo-D15 (L =150 mm (5,90 pulgadas) para el cortador de espuma de cuchilla caliente HWS250! La cuchilla de corte est\u00e1 dise\u00f1ada espec\u00edficamente para cortar f\u00e1cilmente a medida una amplia variedad de materiales de poliestireno sin ensuciar. La cuchilla del cuchillo caliente posee un m\u00e9todo completamente libre de polvo.<\/span><\/p>\n<ul>\n<li><span style=\"font-size: 12pt; color: #000000;\">Longitud de la cuchilla: 150 mm (5,90 pulgadas).<\/span><\/li>\n<li><span style=\"font-size: 12pt; color: #000000;\">F\u00e1cil instalaci\u00f3n o reemplazo.<\/span><\/li>\n<li><span style=\"font-size: 16px; color: #000000;\"><span style=\"font-size: 12pt;\">M\u00e1s eficaz junto con el accesorio \u00abGu\u00eda de corte\u00bb<\/span><span style=\"font-size: 16px; color: #000000;\"><br \/>\n<\/span><\/span><\/li>\n<\/ul>\n","protected":false},"featured_media":7356,"comment_status":"closed","ping_status":"closed","template":"","meta":{"ocean_post_layout":"","ocean_both_sidebars_style":"","ocean_both_sidebars_content_width":0,"ocean_both_sidebars_sidebars_width":0,"ocean_sidebar":"0","ocean_second_sidebar":"0","ocean_disable_margins":"enable","ocean_add_body_class":"","ocean_shortcode_before_top_bar":"","ocean_shortcode_after_top_bar":"","ocean_shortcode_before_header":"","ocean_shortcode_after_header":"","ocean_has_shortcode":"","ocean_shortcode_after_title":"","ocean_shortcode_before_footer_widgets":"","ocean_shortcode_after_footer_widgets":"","ocean_shortcode_before_footer_bottom":"","ocean_shortcode_after_footer_bottom":"","ocean_display_top_bar":"default","ocean_display_header":"default","ocean_header_style":"","ocean_center_header_left_menu":"0","ocean_custom_header_template":"0","ocean_custom_logo":0,"ocean_custom_retina_logo":0,"ocean_custom_logo_max_width":0,"ocean_custom_logo_tablet_max_width":0,"ocean_custom_logo_mobile_max_width":0,"ocean_custom_logo_max_height":0,"ocean_custom_logo_tablet_max_height":0,"ocean_custom_logo_mobile_max_height":0,"ocean_header_custom_menu":"0","ocean_menu_typo_font_family":"0","ocean_menu_typo_font_subset":"","ocean_menu_typo_font_size":0,"ocean_menu_typo_font_size_tablet":0,"ocean_menu_typo_font_size_mobile":0,"ocean_menu_typo_font_size_unit":"px","ocean_menu_typo_font_weight":"","ocean_menu_typo_font_weight_tablet":"","ocean_menu_typo_font_weight_mobile":"","ocean_menu_typo_transform":"","ocean_menu_typo_transform_tablet":"","ocean_menu_typo_transform_mobile":"","ocean_menu_typo_line_height":0,"ocean_menu_typo_line_height_tablet":0,"ocean_menu_typo_line_height_mobile":0,"ocean_menu_typo_line_height_unit":"","ocean_menu_typo_spacing":0,"ocean_menu_typo_spacing_tablet":0,"ocean_menu_typo_spacing_mobile":0,"ocean_menu_typo_spacing_unit":"","ocean_menu_link_color":"","ocean_menu_link_color_hover":"","ocean_menu_link_color_active":"","ocean_menu_link_background":"","ocean_menu_link_hover_background":"","ocean_menu_link_active_background":"","ocean_menu_social_links_bg":"","ocean_menu_social_hover_links_bg":"","ocean_menu_social_links_color":"","ocean_menu_social_hover_links_color":"","ocean_disable_title":"default","ocean_disable_heading":"default","ocean_post_title":"","ocean_post_subheading":"","ocean_post_title_style":"","ocean_post_title_background_color":"","ocean_post_title_background":0,"ocean_post_title_bg_image_position":"","ocean_post_title_bg_image_attachment":"","ocean_post_title_bg_image_repeat":"","ocean_post_title_bg_image_size":"","ocean_post_title_height":0,"ocean_post_title_bg_overlay":0.5,"ocean_post_title_bg_overlay_color":"","ocean_disable_breadcrumbs":"default","ocean_breadcrumbs_color":"","ocean_breadcrumbs_separator_color":"","ocean_breadcrumbs_links_color":"","ocean_breadcrumbs_links_hover_color":"","ocean_display_footer_widgets":"default","ocean_display_footer_bottom":"default","ocean_custom_footer_template":"0","osh_disable_topbar_sticky":"default","osh_disable_header_sticky":"default","osh_sticky_header_style":"default","osh_sticky_header_effect":"","osh_custom_sticky_logo":0,"osh_custom_retina_sticky_logo":0,"osh_custom_sticky_logo_height":0,"osh_background_color":"","osh_links_color":"","osh_links_hover_color":"","osh_links_active_color":"","osh_links_bg_color":"","osh_links_hover_bg_color":"","osh_links_active_bg_color":"","osh_menu_social_links_color":"","osh_menu_social_hover_links_color":""},"product_brand":[],"product_cat":[34],"product_tag":[37,46,40],"class_list":{"0":"post-7323","1":"product","2":"type-product","3":"status-publish","4":"has-post-thumbnail","6":"product_cat-accesorios-opcionales","7":"product_tag-accesorios-opcionales","8":"product_tag-cortador-de-cuchillo-caliente","9":"product_tag-cuchillas","11":"entry","12":"has-media","14":"first","15":"instock","16":"sale","17":"taxable","18":"shipping-taxable","19":"purchasable","20":"product-type-simple","21":"col","22":"span_1_of_3","23":"owp-content-center","24":"owp-thumbs-layout-horizontal","25":"owp-btn-normal","26":"owp-tabs-layout-horizontal"},"yoast_head":"<!-- This site is optimized with the Yoast SEO plugin v27.3 - https:\/\/yoast.com\/product\/yoast-seo-wordpress\/ -->\n<title>Cuchilla de corte Tipo-D15 | Cuchilo Caliente HWS250!<\/title>\n<meta name=\"description\" content=\"Cuchilla de corte Tipo-D15 original (L=150 mm (5,90 pulgadas) para el cortador de espuma de &quot;cuchilla caliente&quot; HWS250! Repuestos originales.\" \/>\n<meta name=\"robots\" content=\"index, follow, max-snippet:-1, max-image-preview:large, max-video-preview:-1\" \/>\n<link rel=\"canonical\" href=\"https:\/\/hws250.com\/es\/shop\/cuchilla-de-corte-tipo-d15\/\" \/>\n<meta property=\"og:locale\" content=\"es_ES\" \/>\n<meta property=\"og:type\" content=\"article\" \/>\n<meta property=\"og:title\" content=\"Cuchilla de corte Tipo-D15 | Cuchilo Caliente HWS250!\" \/>\n<meta property=\"og:description\" content=\"Cuchilla de corte Tipo-D15 original (L=150 mm (5,90 pulgadas) para el cortador de espuma de &quot;cuchilla caliente&quot; HWS250! Repuestos originales.\" \/>\n<meta property=\"og:url\" content=\"https:\/\/hws250.com\/es\/shop\/cuchilla-de-corte-tipo-d15\/\" \/>\n<meta property=\"og:site_name\" content=\"Hot knife cutter HWS250!\" \/>\n<meta property=\"article:modified_time\" content=\"2024-01-31T22:31:50+00:00\" \/>\n<meta property=\"og:image\" content=\"https:\/\/hws250.com\/wp-content\/uploads\/2021\/01\/cuchilla-de-corte-tipo-d15.jpg\" \/>\n\t<meta property=\"og:image:width\" content=\"700\" \/>\n\t<meta property=\"og:image:height\" content=\"700\" \/>\n\t<meta property=\"og:image:type\" content=\"image\/jpeg\" \/>\n<meta name=\"twitter:card\" content=\"summary_large_image\" \/>\n<meta name=\"twitter:label1\" content=\"Tiempo de lectura\" \/>\n\t<meta name=\"twitter:data1\" content=\"1 minuto\" \/>\n<script type=\"application\/ld+json\" class=\"yoast-schema-graph\">{\"@context\":\"https:\\\/\\\/schema.org\",\"@graph\":[{\"@type\":\"WebPage\",\"@id\":\"https:\\\/\\\/hws250.com\\\/es\\\/shop\\\/cuchilla-de-corte-tipo-d15\\\/\",\"url\":\"https:\\\/\\\/hws250.com\\\/es\\\/shop\\\/cuchilla-de-corte-tipo-d15\\\/\",\"name\":\"Cuchilla de corte Tipo-D15 | Cuchilo Caliente HWS250!\",\"isPartOf\":{\"@id\":\"https:\\\/\\\/hws250.com\\\/fr\\\/#website\"},\"primaryImageOfPage\":{\"@id\":\"https:\\\/\\\/hws250.com\\\/es\\\/shop\\\/cuchilla-de-corte-tipo-d15\\\/#primaryimage\"},\"image\":{\"@id\":\"https:\\\/\\\/hws250.com\\\/es\\\/shop\\\/cuchilla-de-corte-tipo-d15\\\/#primaryimage\"},\"thumbnailUrl\":\"https:\\\/\\\/hws250.com\\\/wp-content\\\/uploads\\\/2021\\\/01\\\/cuchilla-de-corte-tipo-d15.jpg\",\"datePublished\":\"2021-01-19T20:51:20+00:00\",\"dateModified\":\"2024-01-31T22:31:50+00:00\",\"description\":\"Cuchilla de corte Tipo-D15 original (L=150 mm (5,90 pulgadas) para el cortador de espuma de \\\"cuchilla caliente\\\" HWS250! Repuestos originales.\",\"breadcrumb\":{\"@id\":\"https:\\\/\\\/hws250.com\\\/es\\\/shop\\\/cuchilla-de-corte-tipo-d15\\\/#breadcrumb\"},\"inLanguage\":\"es\",\"potentialAction\":[{\"@type\":\"ReadAction\",\"target\":[\"https:\\\/\\\/hws250.com\\\/es\\\/shop\\\/cuchilla-de-corte-tipo-d15\\\/\"]}]},{\"@type\":\"ImageObject\",\"inLanguage\":\"es\",\"@id\":\"https:\\\/\\\/hws250.com\\\/es\\\/shop\\\/cuchilla-de-corte-tipo-d15\\\/#primaryimage\",\"url\":\"https:\\\/\\\/hws250.com\\\/wp-content\\\/uploads\\\/2021\\\/01\\\/cuchilla-de-corte-tipo-d15.jpg\",\"contentUrl\":\"https:\\\/\\\/hws250.com\\\/wp-content\\\/uploads\\\/2021\\\/01\\\/cuchilla-de-corte-tipo-d15.jpg\",\"width\":700,\"height\":700,\"caption\":\"Cuchilla de corte Tipo-D15!\"},{\"@type\":\"BreadcrumbList\",\"@id\":\"https:\\\/\\\/hws250.com\\\/es\\\/shop\\\/cuchilla-de-corte-tipo-d15\\\/#breadcrumb\",\"itemListElement\":[{\"@type\":\"ListItem\",\"position\":1,\"name\":\"Home\",\"item\":\"https:\\\/\\\/www.hws250.com\\\/es\\\/\"},{\"@type\":\"ListItem\",\"position\":2,\"name\":\"Tienda\",\"item\":\"https:\\\/\\\/www.hws250.com\\\/es\\\/tienda\\\/\"},{\"@type\":\"ListItem\",\"position\":3,\"name\":\"Cuchilla de corte Tipo-D15! (150mm)\"}]},{\"@type\":\"WebSite\",\"@id\":\"https:\\\/\\\/hws250.com\\\/fr\\\/#website\",\"url\":\"https:\\\/\\\/hws250.com\\\/fr\\\/\",\"name\":\"Hot knife cutter HWS250!\",\"description\":\"\",\"publisher\":{\"@id\":\"https:\\\/\\\/hws250.com\\\/fr\\\/#organization\"},\"potentialAction\":[{\"@type\":\"SearchAction\",\"target\":{\"@type\":\"EntryPoint\",\"urlTemplate\":\"https:\\\/\\\/hws250.com\\\/fr\\\/?s={search_term_string}\"},\"query-input\":{\"@type\":\"PropertyValueSpecification\",\"valueRequired\":true,\"valueName\":\"search_term_string\"}}],\"inLanguage\":\"es\"},{\"@type\":\"Organization\",\"@id\":\"https:\\\/\\\/hws250.com\\\/fr\\\/#organization\",\"name\":\"Hotwire Systems\",\"url\":\"https:\\\/\\\/hws250.com\\\/fr\\\/\",\"logo\":{\"@type\":\"ImageObject\",\"inLanguage\":\"es\",\"@id\":\"https:\\\/\\\/hws250.com\\\/fr\\\/#\\\/schema\\\/logo\\\/image\\\/\",\"url\":\"https:\\\/\\\/hws250.com\\\/wp-content\\\/uploads\\\/2018\\\/07\\\/hws-logo-s.png\",\"contentUrl\":\"https:\\\/\\\/hws250.com\\\/wp-content\\\/uploads\\\/2018\\\/07\\\/hws-logo-s.png\",\"width\":215,\"height\":55,\"caption\":\"Hotwire Systems\"},\"image\":{\"@id\":\"https:\\\/\\\/hws250.com\\\/fr\\\/#\\\/schema\\\/logo\\\/image\\\/\"}}]}<\/script>\n<!-- \/ Yoast SEO plugin. -->","yoast_head_json":{"title":"Cuchilla de corte Tipo-D15 | Cuchilo Caliente HWS250!","description":"Cuchilla de corte Tipo-D15 original (L=150 mm (5,90 pulgadas) para el cortador de espuma de \"cuchilla caliente\" HWS250! Repuestos originales.","robots":{"index":"index","follow":"follow","max-snippet":"max-snippet:-1","max-image-preview":"max-image-preview:large","max-video-preview":"max-video-preview:-1"},"canonical":"https:\/\/hws250.com\/es\/shop\/cuchilla-de-corte-tipo-d15\/","og_locale":"es_ES","og_type":"article","og_title":"Cuchilla de corte Tipo-D15 | Cuchilo Caliente HWS250!","og_description":"Cuchilla de corte Tipo-D15 original (L=150 mm (5,90 pulgadas) para el cortador de espuma de \"cuchilla caliente\" HWS250! Repuestos originales.","og_url":"https:\/\/hws250.com\/es\/shop\/cuchilla-de-corte-tipo-d15\/","og_site_name":"Hot knife cutter HWS250!","article_modified_time":"2024-01-31T22:31:50+00:00","og_image":[{"width":700,"height":700,"url":"https:\/\/hws250.com\/wp-content\/uploads\/2021\/01\/cuchilla-de-corte-tipo-d15.jpg","type":"image\/jpeg"}],"twitter_card":"summary_large_image","twitter_misc":{"Tiempo de lectura":"1 minuto"},"schema":{"@context":"https:\/\/schema.org","@graph":[{"@type":"WebPage","@id":"https:\/\/hws250.com\/es\/shop\/cuchilla-de-corte-tipo-d15\/","url":"https:\/\/hws250.com\/es\/shop\/cuchilla-de-corte-tipo-d15\/","name":"Cuchilla de corte Tipo-D15 | Cuchilo Caliente HWS250!","isPartOf":{"@id":"https:\/\/hws250.com\/fr\/#website"},"primaryImageOfPage":{"@id":"https:\/\/hws250.com\/es\/shop\/cuchilla-de-corte-tipo-d15\/#primaryimage"},"image":{"@id":"https:\/\/hws250.com\/es\/shop\/cuchilla-de-corte-tipo-d15\/#primaryimage"},"thumbnailUrl":"https:\/\/hws250.com\/wp-content\/uploads\/2021\/01\/cuchilla-de-corte-tipo-d15.jpg","datePublished":"2021-01-19T20:51:20+00:00","dateModified":"2024-01-31T22:31:50+00:00","description":"Cuchilla de corte Tipo-D15 original (L=150 mm (5,90 pulgadas) para el cortador de espuma de \"cuchilla caliente\" HWS250! Repuestos originales.","breadcrumb":{"@id":"https:\/\/hws250.com\/es\/shop\/cuchilla-de-corte-tipo-d15\/#breadcrumb"},"inLanguage":"es","potentialAction":[{"@type":"ReadAction","target":["https:\/\/hws250.com\/es\/shop\/cuchilla-de-corte-tipo-d15\/"]}]},{"@type":"ImageObject","inLanguage":"es","@id":"https:\/\/hws250.com\/es\/shop\/cuchilla-de-corte-tipo-d15\/#primaryimage","url":"https:\/\/hws250.com\/wp-content\/uploads\/2021\/01\/cuchilla-de-corte-tipo-d15.jpg","contentUrl":"https:\/\/hws250.com\/wp-content\/uploads\/2021\/01\/cuchilla-de-corte-tipo-d15.jpg","width":700,"height":700,"caption":"Cuchilla de corte Tipo-D15!"},{"@type":"BreadcrumbList","@id":"https:\/\/hws250.com\/es\/shop\/cuchilla-de-corte-tipo-d15\/#breadcrumb","itemListElement":[{"@type":"ListItem","position":1,"name":"Home","item":"https:\/\/www.hws250.com\/es\/"},{"@type":"ListItem","position":2,"name":"Tienda","item":"https:\/\/www.hws250.com\/es\/tienda\/"},{"@type":"ListItem","position":3,"name":"Cuchilla de corte Tipo-D15! (150mm)"}]},{"@type":"WebSite","@id":"https:\/\/hws250.com\/fr\/#website","url":"https:\/\/hws250.com\/fr\/","name":"Hot knife cutter HWS250!","description":"","publisher":{"@id":"https:\/\/hws250.com\/fr\/#organization"},"potentialAction":[{"@type":"SearchAction","target":{"@type":"EntryPoint","urlTemplate":"https:\/\/hws250.com\/fr\/?s={search_term_string}"},"query-input":{"@type":"PropertyValueSpecification","valueRequired":true,"valueName":"search_term_string"}}],"inLanguage":"es"},{"@type":"Organization","@id":"https:\/\/hws250.com\/fr\/#organization","name":"Hotwire Systems","url":"https:\/\/hws250.com\/fr\/","logo":{"@type":"ImageObject","inLanguage":"es","@id":"https:\/\/hws250.com\/fr\/#\/schema\/logo\/image\/","url":"https:\/\/hws250.com\/wp-content\/uploads\/2018\/07\/hws-logo-s.png","contentUrl":"https:\/\/hws250.com\/wp-content\/uploads\/2018\/07\/hws-logo-s.png","width":215,"height":55,"caption":"Hotwire Systems"},"image":{"@id":"https:\/\/hws250.com\/fr\/#\/schema\/logo\/image\/"}}]}},"_links":{"self":[{"href":"https:\/\/hws250.com\/es\/wp-json\/wp\/v2\/product\/7323","targetHints":{"allow":["GET"]}}],"collection":[{"href":"https:\/\/hws250.com\/es\/wp-json\/wp\/v2\/product"}],"about":[{"href":"https:\/\/hws250.com\/es\/wp-json\/wp\/v2\/types\/product"}],"replies":[{"embeddable":true,"href":"https:\/\/hws250.com\/es\/wp-json\/wp\/v2\/comments?post=7323"}],"wp:featuredmedia":[{"embeddable":true,"href":"https:\/\/hws250.com\/es\/wp-json\/wp\/v2\/media\/7356"}],"wp:attachment":[{"href":"https:\/\/hws250.com\/es\/wp-json\/wp\/v2\/media?parent=7323"}],"wp:term":[{"taxonomy":"product_brand","embeddable":true,"href":"https:\/\/hws250.com\/es\/wp-json\/wp\/v2\/product_brand?post=7323"},{"taxonomy":"product_cat","embeddable":true,"href":"https:\/\/hws250.com\/es\/wp-json\/wp\/v2\/product_cat?post=7323"},{"taxonomy":"product_tag","embeddable":true,"href":"https:\/\/hws250.com\/es\/wp-json\/wp\/v2\/product_tag?post=7323"}],"curies":[{"name":"wp","href":"https:\/\/api.w.org\/{rel}","templated":true}]}}