{"id":1319,"date":"2018-09-02T21:31:08","date_gmt":"2018-09-02T18:31:08","guid":{"rendered":"https:\/\/hws250.com\/tva-taxe-sur-la-valeur-ajoutee\/"},"modified":"2020-02-01T21:32:41","modified_gmt":"2020-02-01T19:32:41","slug":"tva-taxe-sur-la-valeur-ajoutee","status":"publish","type":"page","link":"https:\/\/hws250.com\/fr\/tva-taxe-sur-la-valeur-ajoutee\/","title":{"rendered":"TVA \u2013 TAXE SUR LA VALEUR AJOUT\u00c9E"},"content":{"rendered":"\t\t<div data-elementor-type=\"wp-post\" data-elementor-id=\"1319\" class=\"elementor elementor-1319 elementor-856\" data-elementor-post-type=\"page\">\n\t\t\t\t\t\t<section class=\"elementor-section elementor-top-section elementor-element elementor-element-4d416bb elementor-section-boxed elementor-section-height-default elementor-section-height-default\" data-id=\"4d416bb\" data-element_type=\"section\" data-e-type=\"section\">\n\t\t\t\t\t\t<div class=\"elementor-container elementor-column-gap-default\">\n\t\t\t\t\t<div class=\"elementor-column elementor-col-100 elementor-top-column elementor-element elementor-element-fbd1da6\" data-id=\"fbd1da6\" data-element_type=\"column\" data-e-type=\"column\">\n\t\t\t<div class=\"elementor-widget-wrap elementor-element-populated\">\n\t\t\t\t\t\t<div class=\"elementor-element elementor-element-d9d9fa4 elementor-widget elementor-widget-heading\" data-id=\"d9d9fa4\" data-element_type=\"widget\" data-e-type=\"widget\" data-widget_type=\"heading.default\">\n\t\t\t\t<div class=\"elementor-widget-container\">\n\t\t\t\t\t<h1 class=\"elementor-heading-title elementor-size-default\"><b>TVA<\/b> \u2013 Taxe sur la Valeur Ajout\u00e9e<\/h1>\t\t\t\t<\/div>\n\t\t\t\t<\/div>\n\t\t\t\t\t<\/div>\n\t\t<\/div>\n\t\t\t\t\t<\/div>\n\t\t<\/section>\n\t\t\t\t<section class=\"elementor-section elementor-top-section elementor-element elementor-element-4e5f2f5 elementor-section-boxed elementor-section-height-default elementor-section-height-default\" data-id=\"4e5f2f5\" data-element_type=\"section\" data-e-type=\"section\">\n\t\t\t\t\t\t<div class=\"elementor-container elementor-column-gap-default\">\n\t\t\t\t\t<div class=\"elementor-column elementor-col-100 elementor-top-column elementor-element elementor-element-9a42c41\" data-id=\"9a42c41\" data-element_type=\"column\" data-e-type=\"column\">\n\t\t\t<div class=\"elementor-widget-wrap elementor-element-populated\">\n\t\t\t\t\t\t<div class=\"elementor-element elementor-element-647091c elementor-widget elementor-widget-text-editor\" data-id=\"647091c\" data-element_type=\"widget\" data-e-type=\"widget\" data-widget_type=\"text-editor.default\">\n\t\t\t\t<div class=\"elementor-widget-container\">\n\t\t\t\t\t\t\t\t\t<p class=\"western\"><span style=\"font-size: 16px; color: #000000;\">Tous les prix des produits et les frais de livraison s\u00e9lectionn\u00e9s sur la boutique en ligne hws250.com incluent 20\u00a0% de TVA <em>(le prix hors taxes est \u00e9galement indiqu\u00e9 entre parenth\u00e8ses).<\/em><\/span><\/p><p class=\"western\"><span style=\"font-size: 16px; color: #000000;\"><span style=\"color: #ff0000;\"><strong>Exemple:<\/strong><\/span>\u00a0Plateforme de rainurage \u00ab\u00a0MINI\u00a0\u00bb \u2013 <span style=\"text-decoration: underline;\"><strong>46,80 \u20ac<\/strong> (hors TVA 39,00 \u20ac)<\/span>.\u00a0<em>(Voir image ci-dessous).<\/em><\/span><\/p>\t\t\t\t\t\t\t\t<\/div>\n\t\t\t\t<\/div>\n\t\t\t\t<div class=\"elementor-element elementor-element-1dd18f1 elementor-widget elementor-widget-image\" data-id=\"1dd18f1\" data-element_type=\"widget\" data-e-type=\"widget\" data-widget_type=\"image.default\">\n\t\t\t\t<div class=\"elementor-widget-container\">\n\t\t\t\t\t\t\t\t\t\t\t\t\t\t\t<img fetchpriority=\"high\" decoding=\"async\" width=\"1024\" height=\"410\" src=\"https:\/\/hws250.com\/wp-content\/uploads\/2020\/02\/tva-hws250.com_-1024x410.jpg\" class=\"attachment-large size-large wp-image-4598\" alt=\"\" srcset=\"https:\/\/hws250.com\/wp-content\/uploads\/2020\/02\/tva-hws250.com_-1024x410.jpg 1024w, https:\/\/hws250.com\/wp-content\/uploads\/2020\/02\/tva-hws250.com_-300x120.jpg 300w, https:\/\/hws250.com\/wp-content\/uploads\/2020\/02\/tva-hws250.com_-768x307.jpg 768w, https:\/\/hws250.com\/wp-content\/uploads\/2020\/02\/tva-hws250.com_-600x240.jpg 600w, https:\/\/hws250.com\/wp-content\/uploads\/2020\/02\/tva-hws250.com_.jpg 1417w\" sizes=\"(max-width: 1024px) 100vw, 1024px\" \/>\t\t\t\t\t\t\t\t\t\t\t\t\t\t\t<\/div>\n\t\t\t\t<\/div>\n\t\t\t\t\t<\/div>\n\t\t<\/div>\n\t\t\t\t\t<\/div>\n\t\t<\/section>\n\t\t\t\t<section class=\"elementor-section elementor-top-section elementor-element elementor-element-6e344a9 elementor-section-boxed elementor-section-height-default elementor-section-height-default\" data-id=\"6e344a9\" data-element_type=\"section\" data-e-type=\"section\">\n\t\t\t\t\t\t<div class=\"elementor-container elementor-column-gap-default\">\n\t\t\t\t\t<div class=\"elementor-column elementor-col-100 elementor-top-column elementor-element elementor-element-8484ce2\" data-id=\"8484ce2\" data-element_type=\"column\" data-e-type=\"column\">\n\t\t\t<div class=\"elementor-widget-wrap elementor-element-populated\">\n\t\t\t\t\t\t<div class=\"elementor-element elementor-element-8561e75 elementor-widget elementor-widget-heading\" data-id=\"8561e75\" data-element_type=\"widget\" data-e-type=\"widget\" data-widget_type=\"heading.default\">\n\t\t\t\t<div class=\"elementor-widget-container\">\n\t\t\t\t\t<h2 class=\"elementor-heading-title elementor-size-default\"><b>TVA<\/b> pour les clients au sein de l'UE (Union europ\u00e9enne)<\/h2>\t\t\t\t<\/div>\n\t\t\t\t<\/div>\n\t\t\t\t<div class=\"elementor-element elementor-element-2bd826c elementor-widget elementor-widget-text-editor\" data-id=\"2bd826c\" data-element_type=\"widget\" data-e-type=\"widget\" data-widget_type=\"text-editor.default\">\n\t\t\t\t<div class=\"elementor-widget-container\">\n\t\t\t\t\t\t\t\t\t<p class=\"western\"><span style=\"font-size: 16px; color: #000000;\">Conform\u00e9ment aux lois r\u00e9gissant les \u00e9tats membres de l&rsquo;UE, <strong>hws250.com est tenu de facturer des taxes<\/strong> sur toutes les commandes livr\u00e9es dans les <span style=\"text-decoration: underline;\">pays membres de l&rsquo;UE<\/span>.<\/span><\/p>\n<p class=\"western\"><span style=\"font-size: 16px; color: #000000;\"><span style=\"color: #ff0000;\"><strong>Veuillez remarquer!\u00a0<\/strong><\/span>Si vous disposez d&rsquo;un num\u00e9ro de TVA actif, toutes les livraisons au sein de l&rsquo;Union europ\u00e9enne seront exemptes de Taxe sur la Valeur Ajout\u00e9e.<\/span><\/p>\t\t\t\t\t\t\t\t<\/div>\n\t\t\t\t<\/div>\n\t\t\t\t<div class=\"elementor-element elementor-element-c0859e9 elementor-widget elementor-widget-text-editor\" data-id=\"c0859e9\" data-element_type=\"widget\" data-e-type=\"widget\" data-widget_type=\"text-editor.default\">\n\t\t\t\t<div class=\"elementor-widget-container\">\n\t\t\t\t\t\t\t\t\t<p><span style=\"font-size: 16px; color: #000000;\"><strong><span style=\"color: #ff0000;\">!<\/span><\/strong> <span style=\"text-decoration: underline;\">Pour ne pas payer de taxes,<\/span> veuillez ajouter manuellement votre num\u00e9ro de TVA lors du paiement <strong>(par exemple, EE101649234)<\/strong>. Notre syst\u00e8me de paiement en ligne v\u00e9rifiera automatiquement si votre num\u00e9ro de Taxe sur la Valeur Ajout\u00e9e est valable.<\/span><\/p>\n<p><span style=\"color: #000000;\"><em><span style=\"font-size: 16px;\">(Voir image ci-dessous)<\/span><\/em><\/span><\/p>\t\t\t\t\t\t\t\t<\/div>\n\t\t\t\t<\/div>\n\t\t\t\t<div class=\"elementor-element elementor-element-d7b990a elementor-widget elementor-widget-image\" data-id=\"d7b990a\" data-element_type=\"widget\" data-e-type=\"widget\" data-widget_type=\"image.default\">\n\t\t\t\t<div class=\"elementor-widget-container\">\n\t\t\t\t\t\t\t\t\t\t\t\t\t\t\t<img decoding=\"async\" width=\"1024\" height=\"410\" src=\"https:\/\/hws250.com\/wp-content\/uploads\/2020\/02\/tva-www.hws250.com_-1-1024x410.jpg\" class=\"attachment-large size-large wp-image-4638\" alt=\"\" srcset=\"https:\/\/hws250.com\/wp-content\/uploads\/2020\/02\/tva-www.hws250.com_-1-1024x410.jpg 1024w, https:\/\/hws250.com\/wp-content\/uploads\/2020\/02\/tva-www.hws250.com_-1-300x120.jpg 300w, https:\/\/hws250.com\/wp-content\/uploads\/2020\/02\/tva-www.hws250.com_-1-768x307.jpg 768w, https:\/\/hws250.com\/wp-content\/uploads\/2020\/02\/tva-www.hws250.com_-1-600x240.jpg 600w, https:\/\/hws250.com\/wp-content\/uploads\/2020\/02\/tva-www.hws250.com_-1.jpg 1417w\" sizes=\"(max-width: 1024px) 100vw, 1024px\" \/>\t\t\t\t\t\t\t\t\t\t\t\t\t\t\t<\/div>\n\t\t\t\t<\/div>\n\t\t\t\t<div class=\"elementor-element elementor-element-5f16cc0 elementor-widget elementor-widget-text-editor\" data-id=\"5f16cc0\" data-element_type=\"widget\" data-e-type=\"widget\" data-widget_type=\"text-editor.default\">\n\t\t\t\t<div class=\"elementor-widget-container\">\n\t\t\t\t\t\t\t\t\t<p><span style=\"color: #000000; font-size: 16px;\">Vous pouvez v\u00e9rifier votre num\u00e9ro de<strong><a style=\"color: #000000;\" href=\"http:\/\/ec.europa.eu\/taxation_customs\/vies\/\" target=\"_blank\" rel=\"noopener\"> TVA ici!<\/a><\/strong><\/span><\/p>\n\t\t\t\t\t\t\t\t<\/div>\n\t\t\t\t<\/div>\n\t\t\t\t<div class=\"elementor-element elementor-element-625f690 elementor-widget elementor-widget-heading\" data-id=\"625f690\" data-element_type=\"widget\" data-e-type=\"widget\" data-widget_type=\"heading.default\">\n\t\t\t\t<div class=\"elementor-widget-container\">\n\t\t\t\t\t<h2 class=\"elementor-heading-title elementor-size-default\"><b>TVA <\/b>pour les clients <b>hors<\/b> UE (0\u00a0%)<\/h2>\t\t\t\t<\/div>\n\t\t\t\t<\/div>\n\t\t\t\t<div class=\"elementor-element elementor-element-1b837e9 elementor-widget elementor-widget-text-editor\" data-id=\"1b837e9\" data-element_type=\"widget\" data-e-type=\"widget\" data-widget_type=\"text-editor.default\">\n\t\t\t\t<div class=\"elementor-widget-container\">\n\t\t\t\t\t\t\t\t\t<p class=\"western\"><span style=\"font-size: 16px; color: #000000;\">En cas d&rsquo;envoi dans les <strong>pays hors UE<\/strong> (dont Suisse et Norv\u00e8ge), les taxes ne seront pas factur\u00e9es.\u00a0Tous les frais de livraison seront \u00e9galement exempts de <strong>Taxe sur la Valeur Ajout\u00e9e\u00a0(0\u00a0%).<\/strong><\/span><\/p>\t\t\t\t\t\t\t\t<\/div>\n\t\t\t\t<\/div>\n\t\t\t\t<div class=\"elementor-element elementor-element-49703de elementor-widget elementor-widget-text-editor\" data-id=\"49703de\" data-element_type=\"widget\" data-e-type=\"widget\" data-widget_type=\"text-editor.default\">\n\t\t\t\t<div class=\"elementor-widget-container\">\n\t\t\t\t\t\t\t\t\t<p class=\"western\"><span style=\"color: #000000; font-size: 16px;\"><span style=\"color: #ff0000;\"><strong>!<\/strong> <\/span>Ces colis peuvent \u00eatre soumis \u00e0 des frais d&rsquo;importation ou de douane, en fonction de la l\u00e9gislation du pays concern\u00e9.<\/span><\/p>\n\t\t\t\t\t\t\t\t<\/div>\n\t\t\t\t<\/div>\n\t\t\t\t<div class=\"elementor-element elementor-element-7087fd9 elementor-widget elementor-widget-heading\" data-id=\"7087fd9\" data-element_type=\"widget\" data-e-type=\"widget\" data-widget_type=\"heading.default\">\n\t\t\t\t<div class=\"elementor-widget-container\">\n\t\t\t\t\t<h2 class=\"elementor-heading-title elementor-size-default\"><b>Droits de douane ou d'importation pour<\/b> les clients <u>hors\u00a0<\/u> de l'Union europ\u00e9enne.<\/h2>\t\t\t\t<\/div>\n\t\t\t\t<\/div>\n\t\t\t\t<div class=\"elementor-element elementor-element-2a82081 elementor-widget elementor-widget-text-editor\" data-id=\"2a82081\" data-element_type=\"widget\" data-e-type=\"widget\" data-widget_type=\"text-editor.default\">\n\t\t\t\t<div class=\"elementor-widget-container\">\n\t\t\t\t\t\t\t\t\t<p class=\"western\"><span style=\"font-size: 16px; color: #000000;\">Les commandes internationales peuvent \u00eatre soumises \u00e0 des frais d&rsquo;importation ou de douane suppl\u00e9mentaires, en fonction des lois et r\u00e9glementations du pays concern\u00e9.<\/span><\/p>\n<p class=\"western\"><span style=\"font-size: 16px; color: #000000;\"><span style=\"text-decoration: underline;\">Les frais de douane (droits)<\/span> suppl\u00e9mentaires devront \u00eatre support\u00e9s par le destinataire.\u00a0La politique fiscale et douani\u00e8re pouvant varier consid\u00e9rablement d\u2019un pays \u00e0 l\u2019autre et pouvant \u00eatre impr\u00e9visible, nous vous recommandons de vous adresser aux repr\u00e9sentants des autorit\u00e9s douani\u00e8res ou fiscales comp\u00e9tentes pour obtenir des informations suppl\u00e9mentaires sur les politiques ou les droits de douane.<\/span><\/p>\n<p class=\"western\"><span style=\"font-size: 16px; color: #000000;\"><span style=\"text-decoration: underline;\">La soci\u00e9t\u00e9 Hotwire Systems ne pourra \u00eatre<\/span> tenue responsable des retards de livraison occasionn\u00e9s par des facteurs externes (proc\u00e9dures de douane, conditions m\u00e9t\u00e9orologiques, inspections, adresses incorrectes indiqu\u00e9es par les clients, gr\u00e8ves, blocages ou probl\u00e8mes de transport).<\/span><\/p>\n\t\t\t\t\t\t\t\t<\/div>\n\t\t\t\t<\/div>\n\t\t\t\t<div class=\"elementor-element elementor-element-082230a elementor-widget-divider--view-line elementor-widget elementor-widget-divider\" data-id=\"082230a\" data-element_type=\"widget\" data-e-type=\"widget\" data-widget_type=\"divider.default\">\n\t\t\t\t<div class=\"elementor-widget-container\">\n\t\t\t\t\t\t\t<div class=\"elementor-divider\">\n\t\t\t<span class=\"elementor-divider-separator\">\n\t\t\t\t\t\t<\/span>\n\t\t<\/div>\n\t\t\t\t\t\t<\/div>\n\t\t\t\t<\/div>\n\t\t\t\t<div class=\"elementor-element elementor-element-52d218a elementor-widget elementor-widget-text-editor\" data-id=\"52d218a\" data-element_type=\"widget\" data-e-type=\"widget\" data-widget_type=\"text-editor.default\">\n\t\t\t\t<div class=\"elementor-widget-container\">\n\t\t\t\t\t\t\t\t\t<p class=\"western\"><span style=\"color: #000000; font-size: 16px;\">N&rsquo;h\u00e9sitez pas \u00e0 nous contacter pour toute question!<\/span><\/p>\n\t\t\t\t\t\t\t\t<\/div>\n\t\t\t\t<\/div>\n\t\t\t\t\t<\/div>\n\t\t<\/div>\n\t\t\t\t\t<\/div>\n\t\t<\/section>\n\t\t\t\t<\/div>\n\t\t","protected":false},"excerpt":{"rendered":"<p>TVA \u2013 Taxe sur la Valeur Ajout\u00e9e Tous les prix des produits et les frais de livraison s\u00e9lectionn\u00e9s sur la boutique en ligne hws250.com incluent 20\u00a0% de TVA (le prix hors taxes est \u00e9galement indiqu\u00e9 entre parenth\u00e8ses). Exemple:\u00a0Plateforme de rainurage \u00ab\u00a0MINI\u00a0\u00bb \u2013 46,80 \u20ac (hors TVA 39,00 \u20ac).\u00a0(Voir image ci-dessous). TVA pour les clients au [&hellip;]<\/p>\n","protected":false},"author":3,"featured_media":0,"parent":0,"menu_order":0,"comment_status":"closed","ping_status":"closed","template":"","meta":{"ocean_post_layout":"","ocean_both_sidebars_style":"","ocean_both_sidebars_content_width":0,"ocean_both_sidebars_sidebars_width":0,"ocean_sidebar":"0","ocean_second_sidebar":"0","ocean_disable_margins":"enable","ocean_add_body_class":"","ocean_shortcode_before_top_bar":"","ocean_shortcode_after_top_bar":"","ocean_shortcode_before_header":"","ocean_shortcode_after_header":"","ocean_has_shortcode":"","ocean_shortcode_after_title":"","ocean_shortcode_before_footer_widgets":"","ocean_shortcode_after_footer_widgets":"","ocean_shortcode_before_footer_bottom":"","ocean_shortcode_after_footer_bottom":"","ocean_display_top_bar":"default","ocean_display_header":"default","ocean_header_style":"","ocean_center_header_left_menu":"0","ocean_custom_header_template":"0","ocean_custom_logo":0,"ocean_custom_retina_logo":0,"ocean_custom_logo_max_width":0,"ocean_custom_logo_tablet_max_width":0,"ocean_custom_logo_mobile_max_width":0,"ocean_custom_logo_max_height":0,"ocean_custom_logo_tablet_max_height":0,"ocean_custom_logo_mobile_max_height":0,"ocean_header_custom_menu":"0","ocean_menu_typo_font_family":"0","ocean_menu_typo_font_subset":"","ocean_menu_typo_font_size":0,"ocean_menu_typo_font_size_tablet":0,"ocean_menu_typo_font_size_mobile":0,"ocean_menu_typo_font_size_unit":"px","ocean_menu_typo_font_weight":"","ocean_menu_typo_font_weight_tablet":"","ocean_menu_typo_font_weight_mobile":"","ocean_menu_typo_transform":"","ocean_menu_typo_transform_tablet":"","ocean_menu_typo_transform_mobile":"","ocean_menu_typo_line_height":0,"ocean_menu_typo_line_height_tablet":0,"ocean_menu_typo_line_height_mobile":0,"ocean_menu_typo_line_height_unit":"","ocean_menu_typo_spacing":0,"ocean_menu_typo_spacing_tablet":0,"ocean_menu_typo_spacing_mobile":0,"ocean_menu_typo_spacing_unit":"","ocean_menu_link_color":"","ocean_menu_link_color_hover":"","ocean_menu_link_color_active":"","ocean_menu_link_background":"","ocean_menu_link_hover_background":"","ocean_menu_link_active_background":"","ocean_menu_social_links_bg":"","ocean_menu_social_hover_links_bg":"","ocean_menu_social_links_color":"","ocean_menu_social_hover_links_color":"","ocean_disable_title":"default","ocean_disable_heading":"default","ocean_post_title":"","ocean_post_subheading":"","ocean_post_title_style":"","ocean_post_title_background_color":"","ocean_post_title_background":0,"ocean_post_title_bg_image_position":"","ocean_post_title_bg_image_attachment":"","ocean_post_title_bg_image_repeat":"","ocean_post_title_bg_image_size":"","ocean_post_title_height":0,"ocean_post_title_bg_overlay":0.5,"ocean_post_title_bg_overlay_color":"","ocean_disable_breadcrumbs":"default","ocean_breadcrumbs_color":"","ocean_breadcrumbs_separator_color":"","ocean_breadcrumbs_links_color":"","ocean_breadcrumbs_links_hover_color":"","ocean_display_footer_widgets":"default","ocean_display_footer_bottom":"default","ocean_custom_footer_template":"","osh_disable_topbar_sticky":"default","osh_disable_header_sticky":"default","osh_sticky_header_style":"default","osh_sticky_header_effect":"","osh_custom_sticky_logo":0,"osh_custom_retina_sticky_logo":0,"osh_custom_sticky_logo_height":0,"osh_background_color":"","osh_links_color":"","osh_links_hover_color":"","osh_links_active_color":"","osh_links_bg_color":"","osh_links_hover_bg_color":"","osh_links_active_bg_color":"","osh_menu_social_links_color":"","osh_menu_social_hover_links_color":"","footnotes":""},"class_list":["post-1319","page","type-page","status-publish","hentry","entry","owp-thumbs-layout-horizontal","owp-btn-normal","owp-tabs-layout-horizontal","has-no-thumbnails"],"yoast_head":"<!-- This site is optimized with the Yoast SEO plugin v27.3 - https:\/\/yoast.com\/product\/yoast-seo-wordpress\/ -->\n<title>TVA &amp; Taxes douani\u00e8res | Taxe sur la Valeur Ajout\u00e9e pour les clients hors UE<\/title>\n<meta name=\"description\" content=\"Tous les prix des produits et les frais de livraison s\u00e9lectionn\u00e9s sur en ligne hws250.com incl. 20% de TVA (le prix hors taxes est \u00e9galement indiqu\u00e9).\" \/>\n<meta name=\"robots\" content=\"index, follow, max-snippet:-1, max-image-preview:large, max-video-preview:-1\" \/>\n<link rel=\"canonical\" href=\"https:\/\/hws250.com\/vat-taxes-customs\/\" \/>\n<meta property=\"og:locale\" content=\"fr_FR\" \/>\n<meta property=\"og:type\" content=\"article\" \/>\n<meta property=\"og:title\" content=\"TVA &amp; Taxes douani\u00e8res | Taxe sur la Valeur Ajout\u00e9e pour les clients hors UE\" \/>\n<meta property=\"og:description\" content=\"Tous les prix des produits et les frais de livraison s\u00e9lectionn\u00e9s sur en ligne hws250.com incl. 20% de TVA (le prix hors taxes est \u00e9galement indiqu\u00e9).\" \/>\n<meta property=\"og:url\" content=\"https:\/\/hws250.com\/vat-taxes-customs\/\" \/>\n<meta property=\"og:site_name\" content=\"Hot knife cutter HWS250!\" \/>\n<meta property=\"article:modified_time\" content=\"2020-02-01T19:32:41+00:00\" \/>\n<meta property=\"og:image\" content=\"https:\/\/hws250.com\/wp-content\/uploads\/2020\/02\/tva-hws250.com_-1024x410.jpg\" \/>\n<meta name=\"twitter:card\" content=\"summary_large_image\" \/>\n<meta name=\"twitter:label1\" content=\"Dur\u00e9e de lecture estim\u00e9e\" \/>\n\t<meta name=\"twitter:data1\" content=\"2 minutes\" \/>\n<script type=\"application\/ld+json\" class=\"yoast-schema-graph\">{\"@context\":\"https:\\\/\\\/schema.org\",\"@graph\":[{\"@type\":\"WebPage\",\"@id\":\"https:\\\/\\\/hws250.com\\\/vat-taxes-customs\\\/\",\"url\":\"https:\\\/\\\/hws250.com\\\/vat-taxes-customs\\\/\",\"name\":\"TVA & Taxes douani\u00e8res | Taxe sur la Valeur Ajout\u00e9e pour les clients hors UE\",\"isPartOf\":{\"@id\":\"https:\\\/\\\/hws250.com\\\/fr\\\/#website\"},\"primaryImageOfPage\":{\"@id\":\"https:\\\/\\\/hws250.com\\\/vat-taxes-customs\\\/#primaryimage\"},\"image\":{\"@id\":\"https:\\\/\\\/hws250.com\\\/vat-taxes-customs\\\/#primaryimage\"},\"thumbnailUrl\":\"https:\\\/\\\/hws250.com\\\/wp-content\\\/uploads\\\/2020\\\/02\\\/tva-hws250.com_-1024x410.jpg\",\"datePublished\":\"2018-09-02T18:31:08+00:00\",\"dateModified\":\"2020-02-01T19:32:41+00:00\",\"description\":\"Tous les prix des produits et les frais de livraison s\u00e9lectionn\u00e9s sur en ligne hws250.com incl. 20% de TVA (le prix hors taxes est \u00e9galement indiqu\u00e9).\",\"breadcrumb\":{\"@id\":\"https:\\\/\\\/hws250.com\\\/vat-taxes-customs\\\/#breadcrumb\"},\"inLanguage\":\"fr-FR\",\"potentialAction\":[{\"@type\":\"ReadAction\",\"target\":[\"https:\\\/\\\/hws250.com\\\/vat-taxes-customs\\\/\"]}]},{\"@type\":\"ImageObject\",\"inLanguage\":\"fr-FR\",\"@id\":\"https:\\\/\\\/hws250.com\\\/vat-taxes-customs\\\/#primaryimage\",\"url\":\"https:\\\/\\\/hws250.com\\\/wp-content\\\/uploads\\\/2020\\\/02\\\/tva-hws250.com_-1024x410.jpg\",\"contentUrl\":\"https:\\\/\\\/hws250.com\\\/wp-content\\\/uploads\\\/2020\\\/02\\\/tva-hws250.com_-1024x410.jpg\"},{\"@type\":\"BreadcrumbList\",\"@id\":\"https:\\\/\\\/hws250.com\\\/vat-taxes-customs\\\/#breadcrumb\",\"itemListElement\":[{\"@type\":\"ListItem\",\"position\":1,\"name\":\"Home\",\"item\":\"https:\\\/\\\/hws250.com\\\/fr\\\/\"},{\"@type\":\"ListItem\",\"position\":2,\"name\":\"TVA \u2013 TAXE SUR LA VALEUR AJOUT\u00c9E\"}]},{\"@type\":\"WebSite\",\"@id\":\"https:\\\/\\\/hws250.com\\\/fr\\\/#website\",\"url\":\"https:\\\/\\\/hws250.com\\\/fr\\\/\",\"name\":\"Hot knife cutter HWS250!\",\"description\":\"\",\"publisher\":{\"@id\":\"https:\\\/\\\/hws250.com\\\/fr\\\/#organization\"},\"potentialAction\":[{\"@type\":\"SearchAction\",\"target\":{\"@type\":\"EntryPoint\",\"urlTemplate\":\"https:\\\/\\\/hws250.com\\\/fr\\\/?s={search_term_string}\"},\"query-input\":{\"@type\":\"PropertyValueSpecification\",\"valueRequired\":true,\"valueName\":\"search_term_string\"}}],\"inLanguage\":\"fr-FR\"},{\"@type\":\"Organization\",\"@id\":\"https:\\\/\\\/hws250.com\\\/fr\\\/#organization\",\"name\":\"Hotwire Systems\",\"url\":\"https:\\\/\\\/hws250.com\\\/fr\\\/\",\"logo\":{\"@type\":\"ImageObject\",\"inLanguage\":\"fr-FR\",\"@id\":\"https:\\\/\\\/hws250.com\\\/fr\\\/#\\\/schema\\\/logo\\\/image\\\/\",\"url\":\"https:\\\/\\\/hws250.com\\\/wp-content\\\/uploads\\\/2018\\\/07\\\/hws-logo-s.png\",\"contentUrl\":\"https:\\\/\\\/hws250.com\\\/wp-content\\\/uploads\\\/2018\\\/07\\\/hws-logo-s.png\",\"width\":215,\"height\":55,\"caption\":\"Hotwire Systems\"},\"image\":{\"@id\":\"https:\\\/\\\/hws250.com\\\/fr\\\/#\\\/schema\\\/logo\\\/image\\\/\"}}]}<\/script>\n<!-- \/ Yoast SEO plugin. -->","yoast_head_json":{"title":"TVA & Taxes douani\u00e8res | Taxe sur la Valeur Ajout\u00e9e pour les clients hors UE","description":"Tous les prix des produits et les frais de livraison s\u00e9lectionn\u00e9s sur en ligne hws250.com incl. 20% de TVA (le prix hors taxes est \u00e9galement indiqu\u00e9).","robots":{"index":"index","follow":"follow","max-snippet":"max-snippet:-1","max-image-preview":"max-image-preview:large","max-video-preview":"max-video-preview:-1"},"canonical":"https:\/\/hws250.com\/vat-taxes-customs\/","og_locale":"fr_FR","og_type":"article","og_title":"TVA & Taxes douani\u00e8res | Taxe sur la Valeur Ajout\u00e9e pour les clients hors UE","og_description":"Tous les prix des produits et les frais de livraison s\u00e9lectionn\u00e9s sur en ligne hws250.com incl. 20% de TVA (le prix hors taxes est \u00e9galement indiqu\u00e9).","og_url":"https:\/\/hws250.com\/vat-taxes-customs\/","og_site_name":"Hot knife cutter HWS250!","article_modified_time":"2020-02-01T19:32:41+00:00","og_image":[{"url":"https:\/\/hws250.com\/wp-content\/uploads\/2020\/02\/tva-hws250.com_-1024x410.jpg","type":"","width":"","height":""}],"twitter_card":"summary_large_image","twitter_misc":{"Dur\u00e9e de lecture estim\u00e9e":"2 minutes"},"schema":{"@context":"https:\/\/schema.org","@graph":[{"@type":"WebPage","@id":"https:\/\/hws250.com\/vat-taxes-customs\/","url":"https:\/\/hws250.com\/vat-taxes-customs\/","name":"TVA & Taxes douani\u00e8res | Taxe sur la Valeur Ajout\u00e9e pour les clients hors UE","isPartOf":{"@id":"https:\/\/hws250.com\/fr\/#website"},"primaryImageOfPage":{"@id":"https:\/\/hws250.com\/vat-taxes-customs\/#primaryimage"},"image":{"@id":"https:\/\/hws250.com\/vat-taxes-customs\/#primaryimage"},"thumbnailUrl":"https:\/\/hws250.com\/wp-content\/uploads\/2020\/02\/tva-hws250.com_-1024x410.jpg","datePublished":"2018-09-02T18:31:08+00:00","dateModified":"2020-02-01T19:32:41+00:00","description":"Tous les prix des produits et les frais de livraison s\u00e9lectionn\u00e9s sur en ligne hws250.com incl. 20% de TVA (le prix hors taxes est \u00e9galement indiqu\u00e9).","breadcrumb":{"@id":"https:\/\/hws250.com\/vat-taxes-customs\/#breadcrumb"},"inLanguage":"fr-FR","potentialAction":[{"@type":"ReadAction","target":["https:\/\/hws250.com\/vat-taxes-customs\/"]}]},{"@type":"ImageObject","inLanguage":"fr-FR","@id":"https:\/\/hws250.com\/vat-taxes-customs\/#primaryimage","url":"https:\/\/hws250.com\/wp-content\/uploads\/2020\/02\/tva-hws250.com_-1024x410.jpg","contentUrl":"https:\/\/hws250.com\/wp-content\/uploads\/2020\/02\/tva-hws250.com_-1024x410.jpg"},{"@type":"BreadcrumbList","@id":"https:\/\/hws250.com\/vat-taxes-customs\/#breadcrumb","itemListElement":[{"@type":"ListItem","position":1,"name":"Home","item":"https:\/\/hws250.com\/fr\/"},{"@type":"ListItem","position":2,"name":"TVA \u2013 TAXE SUR LA VALEUR AJOUT\u00c9E"}]},{"@type":"WebSite","@id":"https:\/\/hws250.com\/fr\/#website","url":"https:\/\/hws250.com\/fr\/","name":"Hot knife cutter HWS250!","description":"","publisher":{"@id":"https:\/\/hws250.com\/fr\/#organization"},"potentialAction":[{"@type":"SearchAction","target":{"@type":"EntryPoint","urlTemplate":"https:\/\/hws250.com\/fr\/?s={search_term_string}"},"query-input":{"@type":"PropertyValueSpecification","valueRequired":true,"valueName":"search_term_string"}}],"inLanguage":"fr-FR"},{"@type":"Organization","@id":"https:\/\/hws250.com\/fr\/#organization","name":"Hotwire Systems","url":"https:\/\/hws250.com\/fr\/","logo":{"@type":"ImageObject","inLanguage":"fr-FR","@id":"https:\/\/hws250.com\/fr\/#\/schema\/logo\/image\/","url":"https:\/\/hws250.com\/wp-content\/uploads\/2018\/07\/hws-logo-s.png","contentUrl":"https:\/\/hws250.com\/wp-content\/uploads\/2018\/07\/hws-logo-s.png","width":215,"height":55,"caption":"Hotwire Systems"},"image":{"@id":"https:\/\/hws250.com\/fr\/#\/schema\/logo\/image\/"}}]}},"_links":{"self":[{"href":"https:\/\/hws250.com\/fr\/wp-json\/wp\/v2\/pages\/1319","targetHints":{"allow":["GET"]}}],"collection":[{"href":"https:\/\/hws250.com\/fr\/wp-json\/wp\/v2\/pages"}],"about":[{"href":"https:\/\/hws250.com\/fr\/wp-json\/wp\/v2\/types\/page"}],"author":[{"embeddable":true,"href":"https:\/\/hws250.com\/fr\/wp-json\/wp\/v2\/users\/3"}],"replies":[{"embeddable":true,"href":"https:\/\/hws250.com\/fr\/wp-json\/wp\/v2\/comments?post=1319"}],"version-history":[{"count":0,"href":"https:\/\/hws250.com\/fr\/wp-json\/wp\/v2\/pages\/1319\/revisions"}],"wp:attachment":[{"href":"https:\/\/hws250.com\/fr\/wp-json\/wp\/v2\/media?parent=1319"}],"curies":[{"name":"wp","href":"https:\/\/api.w.org\/{rel}","templated":true}]}}