{"id":1531,"date":"2018-03-05T11:50:46","date_gmt":"2018-03-05T09:50:46","guid":{"rendered":"https:\/\/hws250.com\/shop\/pateforme-de-rainurage-groover\/"},"modified":"2024-02-01T00:22:29","modified_gmt":"2024-01-31T22:22:29","slug":"plateforme-de-rainurage-groover","status":"publish","type":"product","link":"https:\/\/hws250.com\/fr\/shop\/plateforme-de-rainurage-groover\/","title":{"rendered":"Plateforme de rainurage \u00ab\u00a0GROOVER\u00a0\u00bb"},"content":{"rendered":"<p class=\"western\"><span style=\"font-size: 16px; color: #000000;\">Plateforme de rainurage \u00ab\u00a0GROOVER\u00a0\u00bb\u00a0est \u00e9quip\u00e9e de rails de guidage amovibles qui peuvent \u00eatre r\u00e9gl\u00e9s sur toute la largeur de la plate-forme. Vous pouvez utiliser un ou deux rails ou les retirer compl\u00e8tement en d\u00e9vissant les boulons de fixation. La cl\u00e9 Allen est fix\u00e9e sur le dessus de la plate-forme pour une installation rapide de l&rsquo;adaptateur\/plate-forme de rainurage sur le couteau thermique HWS250! <\/span><\/p>\n<p class=\"western\"><span style=\"font-size: 16px; color: #000000;\">\u00ab\u00a0Groover\u00a0\u00bb fonctionne uniquement avec la lame pliable Type-G30! <em><span style=\"text-decoration: underline;\">(vendu s\u00e9par\u00e9ment)<\/span>.<\/em><\/span><\/p>\n<ul>\n<li class=\"western\"><span style=\"font-size: 16px; color: #000000;\">Supports r\u00e9glables.<\/span><\/li>\n<li class=\"western\"><span style=\"font-size: 16px; color: #000000;\">Mise en place\/remplacement des lames rapide et facile.<\/span><\/li>\n<li class=\"western\"><span style=\"color: #000000; font-size: 16px;\">Supports auxiliaires pour une d\u00e9coupe lisse et pr\u00e9ciseg.<\/span><\/li>\n<li class=\"western\"><span style=\"font-size: 16px; color: #000000;\">Rep\u00e8re gradu\u00e9 sur la plate-forme pour mesurer la d\u00e9coupe.<\/span><\/li>\n<\/ul>\n<hr \/>\n<h3><span style=\"color: #ff6600;\">La vue d&rsquo;ensemble de la plateforme de rainurage.<\/span><\/h3>\n<p><img fetchpriority=\"high\" decoding=\"async\" width=\"1134\" height=\"213\" class=\"wp-image-4186 size-full aligncenter\" src=\"https:\/\/hws250.com\/wp-content\/uploads\/2018\/03\/plateforme-de-rainurage-groove.jpg\" alt=\"&quot;&lt;yoastmark\" srcset=\"https:\/\/hws250.com\/wp-content\/uploads\/2018\/03\/plateforme-de-rainurage-groove.jpg 1134w, https:\/\/hws250.com\/wp-content\/uploads\/2018\/03\/plateforme-de-rainurage-groove-300x56.jpg 300w, https:\/\/hws250.com\/wp-content\/uploads\/2018\/03\/plateforme-de-rainurage-groove-1024x192.jpg 1024w, https:\/\/hws250.com\/wp-content\/uploads\/2018\/03\/plateforme-de-rainurage-groove-768x144.jpg 768w, https:\/\/hws250.com\/wp-content\/uploads\/2018\/03\/plateforme-de-rainurage-groove-600x113.jpg 600w\" sizes=\"(max-width: 1134px) 100vw, 1134px\" \/><\/p>\n<hr \/>\n<p><span style=\"font-size: 16px;\"><span style=\"color: #ff6600;\"><strong>|<\/strong> <\/span>La <strong>livraison internationale <\/strong>est effectu\u00e9e par:\u00a0<strong><a href=\"http:\/\/www.tnt.com\">TNT<\/a>, <a href=\"http:\/\/www.ups.com\">UPS<\/a>, <a href=\"http:\/\/www.dpd.com\">DPD<\/a>, <a href=\"http:\/\/www.omniva.ee\/en\">Poste r\u00e9gulier.<\/a><a href=\"http:\/\/www.omniva.ee\/en\">\u00a0<\/a><\/strong><a href=\"https:\/\/hws250.com\/fr\/livraison-internationale\/\" target=\"_blank\" rel=\"noopener noreferrer\"><span style=\"color: #808080;\">Conditions d&rsquo;exp\u00e9dition!<\/span><\/a><strong><br \/>\n<\/strong><\/span><\/p>\n<hr \/>\n<h3 style=\"text-align: center;\">\t\t<div data-elementor-type=\"page\" data-elementor-id=\"6763\" class=\"elementor elementor-6763 elementor-414\" data-elementor-post-type=\"elementor_library\">\n\t\t\t\t\t\t<section class=\"elementor-section elementor-top-section elementor-element elementor-element-b2496b8 elementor-section-boxed elementor-section-height-default elementor-section-height-default\" data-id=\"b2496b8\" data-element_type=\"section\" data-e-type=\"section\">\n\t\t\t\t\t\t<div class=\"elementor-container elementor-column-gap-default\">\n\t\t\t\t\t<div class=\"elementor-column elementor-col-50 elementor-top-column elementor-element elementor-element-4a4d6b5\" data-id=\"4a4d6b5\" data-element_type=\"column\" data-e-type=\"column\">\n\t\t\t<div class=\"elementor-widget-wrap elementor-element-populated\">\n\t\t\t\t\t\t<div class=\"elementor-element elementor-element-c5c9b9a elementor-widget elementor-widget-heading\" data-id=\"c5c9b9a\" data-element_type=\"widget\" data-e-type=\"widget\" data-widget_type=\"heading.default\">\n\t\t\t\t<div class=\"elementor-widget-container\">\n\t\t\t\t\t<h3 class=\"elementor-heading-title elementor-size-default\">HWS250! Vid\u00e9o compl\u00e8te!<\/h3>\t\t\t\t<\/div>\n\t\t\t\t<\/div>\n\t\t\t\t<div class=\"elementor-element elementor-element-d48de24 elementor-widget-divider--view-line elementor-widget elementor-widget-divider\" data-id=\"d48de24\" data-element_type=\"widget\" data-e-type=\"widget\" data-widget_type=\"divider.default\">\n\t\t\t\t<div class=\"elementor-widget-container\">\n\t\t\t\t\t\t\t<div class=\"elementor-divider\">\n\t\t\t<span class=\"elementor-divider-separator\">\n\t\t\t\t\t\t<\/span>\n\t\t<\/div>\n\t\t\t\t\t\t<\/div>\n\t\t\t\t<\/div>\n\t\t\t\t<div class=\"elementor-element elementor-element-1435281 elementor-widget elementor-widget-video\" data-id=\"1435281\" data-element_type=\"widget\" data-e-type=\"widget\" data-settings=\"{&quot;yt_privacy&quot;:&quot;yes&quot;,&quot;youtube_url&quot;:&quot;https:\\\/\\\/youtu.be\\\/VUlTAbXV1Fo&quot;,&quot;video_type&quot;:&quot;youtube&quot;,&quot;controls&quot;:&quot;yes&quot;}\" data-widget_type=\"video.default\">\n\t\t\t\t<div class=\"elementor-widget-container\">\n\t\t\t\t\t\t\t<div class=\"elementor-wrapper elementor-open-inline\">\n\t\t\t<div class=\"elementor-video\"><\/div>\t\t<\/div>\n\t\t\t\t\t\t<\/div>\n\t\t\t\t<\/div>\n\t\t\t\t\t<\/div>\n\t\t<\/div>\n\t\t\t\t<div class=\"elementor-column elementor-col-50 elementor-top-column elementor-element elementor-element-d37962f\" data-id=\"d37962f\" data-element_type=\"column\" data-e-type=\"column\">\n\t\t\t<div class=\"elementor-widget-wrap elementor-element-populated\">\n\t\t\t\t\t\t<div class=\"elementor-element elementor-element-324103d elementor-widget elementor-widget-heading\" data-id=\"324103d\" data-element_type=\"widget\" data-e-type=\"widget\" data-widget_type=\"heading.default\">\n\t\t\t\t<div class=\"elementor-widget-container\">\n\t\t\t\t\t<h3 class=\"elementor-heading-title elementor-size-default\">HWS250! Kit de d\u00e9part!<\/h3>\t\t\t\t<\/div>\n\t\t\t\t<\/div>\n\t\t\t\t<div class=\"elementor-element elementor-element-a406942 elementor-widget-divider--view-line elementor-widget elementor-widget-divider\" data-id=\"a406942\" data-element_type=\"widget\" data-e-type=\"widget\" data-widget_type=\"divider.default\">\n\t\t\t\t<div class=\"elementor-widget-container\">\n\t\t\t\t\t\t\t<div class=\"elementor-divider\">\n\t\t\t<span class=\"elementor-divider-separator\">\n\t\t\t\t\t\t<\/span>\n\t\t<\/div>\n\t\t\t\t\t\t<\/div>\n\t\t\t\t<\/div>\n\t\t\t\t<div class=\"elementor-element elementor-element-062df75 elementor-widget elementor-widget-video\" data-id=\"062df75\" data-element_type=\"widget\" data-e-type=\"widget\" data-settings=\"{&quot;yt_privacy&quot;:&quot;yes&quot;,&quot;youtube_url&quot;:&quot;https:\\\/\\\/youtu.be\\\/i0MDWm-tpg8&quot;,&quot;video_type&quot;:&quot;youtube&quot;,&quot;controls&quot;:&quot;yes&quot;}\" data-widget_type=\"video.default\">\n\t\t\t\t<div class=\"elementor-widget-container\">\n\t\t\t\t\t\t\t<div class=\"elementor-wrapper elementor-open-inline\">\n\t\t\t<div class=\"elementor-video\"><\/div>\t\t<\/div>\n\t\t\t\t\t\t<\/div>\n\t\t\t\t<\/div>\n\t\t\t\t\t<\/div>\n\t\t<\/div>\n\t\t\t\t\t<\/div>\n\t\t<\/section>\n\t\t\t\t<\/div>\n\t\t<\/h3>\n<hr \/>\n<p style=\"text-align: center;\">\t\t<div data-elementor-type=\"page\" data-elementor-id=\"6748\" class=\"elementor elementor-6748 elementor-6348\" data-elementor-post-type=\"elementor_library\">\n\t\t\t\t\t\t<section class=\"elementor-section elementor-top-section elementor-element elementor-element-7742e54 elementor-section-boxed elementor-section-height-default elementor-section-height-default\" data-id=\"7742e54\" data-element_type=\"section\" data-e-type=\"section\">\n\t\t\t\t\t\t<div class=\"elementor-container elementor-column-gap-default\">\n\t\t\t\t\t<div class=\"elementor-column elementor-col-100 elementor-top-column elementor-element elementor-element-6da4305\" data-id=\"6da4305\" data-element_type=\"column\" data-e-type=\"column\">\n\t\t\t<div class=\"elementor-widget-wrap elementor-element-populated\">\n\t\t\t\t\t\t<div class=\"elementor-element elementor-element-5464f49 elementor-widget elementor-widget-text-editor\" data-id=\"5464f49\" data-element_type=\"widget\" data-e-type=\"widget\" data-widget_type=\"text-editor.default\">\n\t\t\t\t<div class=\"elementor-widget-container\">\n\t\t\t\t\t\t\t\t\t<h3 style=\"text-align: center;\"><span style=\"font-size: 36px;\"><span style=\"color: #ff6600;\">Vous voulez nous contacter?<\/span><br \/><span style=\"color: #808080;\">Nous serons ravis de parler avec vous!<\/span><\/span><\/h3><p style=\"text-align: center;\"><span style=\"font-size: 20px;\">Vous pouvez chatter avec nous en cliquant en bas \u00e0 droite de la page<br \/>ou nous envoyer un e-mail:\u00a0<span style=\"color: #0000ff;\">shop@hws250.com<\/span><\/span><\/p>\t\t\t\t\t\t\t\t<\/div>\n\t\t\t\t<\/div>\n\t\t\t\t\t<\/div>\n\t\t<\/div>\n\t\t\t\t\t<\/div>\n\t\t<\/section>\n\t\t\t\t<\/div>\n\t\t<\/p>\n<hr \/>\n<p style=\"text-align: center;\">\n","protected":false},"excerpt":{"rendered":"<h3><span style=\"color: #ff6600;\">Le <span style=\"color: #808080;\">rainurage<\/span> n&rsquo;a jamais \u00e9t\u00e9 aussi facile!<\/span><\/h3>\n<p><span style=\"font-size: 16px; color: #000000;\">Plateforme de rainurage \u00ab\u00a0GROOVER\u00a0\u00bb\u00a0est con\u00e7u pour r\u00e9aliser diff\u00e9rentes rainures, renfoncements et d\u00e9coupes d&rsquo;angle ou pour d\u00e9couper n&rsquo;importe quelle forme gr\u00e2ce \u00e0 la lame pliable Type-G30. La plate-forme \u2013 \u00ab\u00a0Groover\u00a0\u00bb fonctionne uniquement a<span style=\"font-size: 14px;\"><span style=\"font-size: 16px;\">vec la lame pliable Type-G30 <em><span style=\"text-decoration: underline;\">(<span style=\"color: #ff0000; text-decoration: underline;\">NB!<\/span> vendu s\u00e9par\u00e9ment)<\/span>.<\/em>\u00a0La lame p<\/span>liable Typ<\/span>e-G30 se plie selon la forme souhait\u00e9e et se fixe dans des supports r\u00e9glables en largeur qui peuvent \u00e9galement \u00eatre utilis\u00e9s pour ajuster la hauteur de la lame.<\/span><\/p>\n","protected":false},"featured_media":4189,"comment_status":"closed","ping_status":"closed","template":"","meta":{"ocean_post_layout":"","ocean_both_sidebars_style":"","ocean_both_sidebars_content_width":0,"ocean_both_sidebars_sidebars_width":0,"ocean_sidebar":"0","ocean_second_sidebar":"0","ocean_disable_margins":"enable","ocean_add_body_class":"","ocean_shortcode_before_top_bar":"","ocean_shortcode_after_top_bar":"","ocean_shortcode_before_header":"","ocean_shortcode_after_header":"","ocean_has_shortcode":"","ocean_shortcode_after_title":"","ocean_shortcode_before_footer_widgets":"","ocean_shortcode_after_footer_widgets":"","ocean_shortcode_before_footer_bottom":"","ocean_shortcode_after_footer_bottom":"","ocean_display_top_bar":"default","ocean_display_header":"default","ocean_header_style":"","ocean_center_header_left_menu":"0","ocean_custom_header_template":"0","ocean_custom_logo":0,"ocean_custom_retina_logo":0,"ocean_custom_logo_max_width":0,"ocean_custom_logo_tablet_max_width":0,"ocean_custom_logo_mobile_max_width":0,"ocean_custom_logo_max_height":0,"ocean_custom_logo_tablet_max_height":0,"ocean_custom_logo_mobile_max_height":0,"ocean_header_custom_menu":"0","ocean_menu_typo_font_family":"0","ocean_menu_typo_font_subset":"","ocean_menu_typo_font_size":0,"ocean_menu_typo_font_size_tablet":0,"ocean_menu_typo_font_size_mobile":0,"ocean_menu_typo_font_size_unit":"px","ocean_menu_typo_font_weight":"","ocean_menu_typo_font_weight_tablet":"","ocean_menu_typo_font_weight_mobile":"","ocean_menu_typo_transform":"","ocean_menu_typo_transform_tablet":"","ocean_menu_typo_transform_mobile":"","ocean_menu_typo_line_height":0,"ocean_menu_typo_line_height_tablet":0,"ocean_menu_typo_line_height_mobile":0,"ocean_menu_typo_line_height_unit":"","ocean_menu_typo_spacing":0,"ocean_menu_typo_spacing_tablet":0,"ocean_menu_typo_spacing_mobile":0,"ocean_menu_typo_spacing_unit":"","ocean_menu_link_color":"","ocean_menu_link_color_hover":"","ocean_menu_link_color_active":"","ocean_menu_link_background":"","ocean_menu_link_hover_background":"","ocean_menu_link_active_background":"","ocean_menu_social_links_bg":"","ocean_menu_social_hover_links_bg":"","ocean_menu_social_links_color":"","ocean_menu_social_hover_links_color":"","ocean_disable_title":"default","ocean_disable_heading":"default","ocean_post_title":"","ocean_post_subheading":"","ocean_post_title_style":"","ocean_post_title_background_color":"","ocean_post_title_background":0,"ocean_post_title_bg_image_position":"","ocean_post_title_bg_image_attachment":"","ocean_post_title_bg_image_repeat":"","ocean_post_title_bg_image_size":"","ocean_post_title_height":0,"ocean_post_title_bg_overlay":0.5,"ocean_post_title_bg_overlay_color":"","ocean_disable_breadcrumbs":"default","ocean_breadcrumbs_color":"","ocean_breadcrumbs_separator_color":"","ocean_breadcrumbs_links_color":"","ocean_breadcrumbs_links_hover_color":"","ocean_display_footer_widgets":"default","ocean_display_footer_bottom":"default","ocean_custom_footer_template":"0","osh_disable_topbar_sticky":"default","osh_disable_header_sticky":"default","osh_sticky_header_style":"default","osh_sticky_header_effect":"","osh_custom_sticky_logo":0,"osh_custom_retina_sticky_logo":0,"osh_custom_sticky_logo_height":0,"osh_background_color":"","osh_links_color":"","osh_links_hover_color":"","osh_links_active_color":"","osh_links_bg_color":"","osh_links_hover_bg_color":"","osh_links_active_bg_color":"","osh_menu_social_links_color":"","osh_menu_social_hover_links_color":""},"product_brand":[],"product_cat":[35],"product_tag":[36,47],"class_list":{"0":"post-1531","1":"product","2":"type-product","3":"status-publish","4":"has-post-thumbnail","6":"product_cat-accessoires-optionnels","7":"product_tag-accessoires-optionnels","8":"product_tag-coupe-couteau-chaud","10":"entry","11":"has-media","13":"first","14":"instock","15":"sale","16":"taxable","17":"shipping-taxable","18":"purchasable","19":"product-type-simple","20":"col","21":"span_1_of_3","22":"owp-content-center","23":"owp-thumbs-layout-horizontal","24":"owp-btn-normal","25":"owp-tabs-layout-horizontal"},"yoast_head":"<!-- This site is optimized with the Yoast SEO plugin v27.3 - https:\/\/yoast.com\/product\/yoast-seo-wordpress\/ -->\n<title>Plateforme de rainurage Groover | Rainures et feuillures d\u00e9coup\u00e9es<\/title>\n<meta name=\"description\" content=\"Plateforme de rainurage est con\u00e7ue pour d\u00e9couper des rainures de diff\u00e9rents diam\u00e8tres pour les conduites d&#039;eau, les c\u00e2bles \u00e9lectriques\" \/>\n<meta name=\"robots\" content=\"index, follow, max-snippet:-1, max-image-preview:large, max-video-preview:-1\" \/>\n<link rel=\"canonical\" href=\"https:\/\/hws250.com\/fr\/shop\/plateforme-de-rainurage-groover\/\" \/>\n<meta property=\"og:locale\" content=\"fr_FR\" \/>\n<meta property=\"og:type\" content=\"article\" \/>\n<meta property=\"og:title\" content=\"Plateforme de rainurage Groover | Rainures et feuillures d\u00e9coup\u00e9es\" \/>\n<meta property=\"og:description\" content=\"Plateforme de rainurage est con\u00e7ue pour d\u00e9couper des rainures de diff\u00e9rents diam\u00e8tres pour les conduites d&#039;eau, les c\u00e2bles \u00e9lectriques\" \/>\n<meta property=\"og:url\" content=\"https:\/\/hws250.com\/fr\/shop\/plateforme-de-rainurage-groover\/\" \/>\n<meta property=\"og:site_name\" content=\"Hot knife cutter HWS250!\" \/>\n<meta property=\"article:modified_time\" content=\"2024-01-31T22:22:29+00:00\" \/>\n<meta property=\"og:image\" content=\"https:\/\/hws250.com\/wp-content\/uploads\/2018\/03\/plateforme-de-rainurage-groover.jpg\" \/>\n\t<meta property=\"og:image:width\" content=\"700\" \/>\n\t<meta property=\"og:image:height\" content=\"700\" \/>\n\t<meta property=\"og:image:type\" content=\"image\/jpeg\" \/>\n<meta name=\"twitter:card\" content=\"summary_large_image\" \/>\n<meta name=\"twitter:label1\" content=\"Dur\u00e9e de lecture estim\u00e9e\" \/>\n\t<meta name=\"twitter:data1\" content=\"1 minute\" \/>\n<script type=\"application\/ld+json\" class=\"yoast-schema-graph\">{\"@context\":\"https:\\\/\\\/schema.org\",\"@graph\":[{\"@type\":\"WebPage\",\"@id\":\"https:\\\/\\\/hws250.com\\\/fr\\\/shop\\\/plateforme-de-rainurage-groover\\\/\",\"url\":\"https:\\\/\\\/hws250.com\\\/fr\\\/shop\\\/plateforme-de-rainurage-groover\\\/\",\"name\":\"Plateforme de rainurage Groover | Rainures et feuillures d\u00e9coup\u00e9es\",\"isPartOf\":{\"@id\":\"https:\\\/\\\/hws250.com\\\/fr\\\/#website\"},\"primaryImageOfPage\":{\"@id\":\"https:\\\/\\\/hws250.com\\\/fr\\\/shop\\\/plateforme-de-rainurage-groover\\\/#primaryimage\"},\"image\":{\"@id\":\"https:\\\/\\\/hws250.com\\\/fr\\\/shop\\\/plateforme-de-rainurage-groover\\\/#primaryimage\"},\"thumbnailUrl\":\"https:\\\/\\\/hws250.com\\\/wp-content\\\/uploads\\\/2018\\\/03\\\/plateforme-de-rainurage-groover.jpg\",\"datePublished\":\"2018-03-05T09:50:46+00:00\",\"dateModified\":\"2024-01-31T22:22:29+00:00\",\"description\":\"Plateforme de rainurage est con\u00e7ue pour d\u00e9couper des rainures de diff\u00e9rents diam\u00e8tres pour les conduites d'eau, les c\u00e2bles \u00e9lectriques\",\"breadcrumb\":{\"@id\":\"https:\\\/\\\/hws250.com\\\/fr\\\/shop\\\/plateforme-de-rainurage-groover\\\/#breadcrumb\"},\"inLanguage\":\"fr-FR\",\"potentialAction\":[{\"@type\":\"ReadAction\",\"target\":[\"https:\\\/\\\/hws250.com\\\/fr\\\/shop\\\/plateforme-de-rainurage-groover\\\/\"]}]},{\"@type\":\"ImageObject\",\"inLanguage\":\"fr-FR\",\"@id\":\"https:\\\/\\\/hws250.com\\\/fr\\\/shop\\\/plateforme-de-rainurage-groover\\\/#primaryimage\",\"url\":\"https:\\\/\\\/hws250.com\\\/wp-content\\\/uploads\\\/2018\\\/03\\\/plateforme-de-rainurage-groover.jpg\",\"contentUrl\":\"https:\\\/\\\/hws250.com\\\/wp-content\\\/uploads\\\/2018\\\/03\\\/plateforme-de-rainurage-groover.jpg\",\"width\":700,\"height\":700,\"caption\":\"Plateforme de rainurage GROOVER\"},{\"@type\":\"BreadcrumbList\",\"@id\":\"https:\\\/\\\/hws250.com\\\/fr\\\/shop\\\/plateforme-de-rainurage-groover\\\/#breadcrumb\",\"itemListElement\":[{\"@type\":\"ListItem\",\"position\":1,\"name\":\"Home\",\"item\":\"https:\\\/\\\/hws250.com\\\/fr\\\/\"},{\"@type\":\"ListItem\",\"position\":2,\"name\":\"Boutique\",\"item\":\"https:\\\/\\\/hws250.com\\\/fr\\\/boutique\\\/\"},{\"@type\":\"ListItem\",\"position\":3,\"name\":\"Plateforme de rainurage &#8220;GROOVER&#8221;\"}]},{\"@type\":\"WebSite\",\"@id\":\"https:\\\/\\\/hws250.com\\\/fr\\\/#website\",\"url\":\"https:\\\/\\\/hws250.com\\\/fr\\\/\",\"name\":\"Hot knife cutter HWS250!\",\"description\":\"\",\"publisher\":{\"@id\":\"https:\\\/\\\/hws250.com\\\/fr\\\/#organization\"},\"potentialAction\":[{\"@type\":\"SearchAction\",\"target\":{\"@type\":\"EntryPoint\",\"urlTemplate\":\"https:\\\/\\\/hws250.com\\\/fr\\\/?s={search_term_string}\"},\"query-input\":{\"@type\":\"PropertyValueSpecification\",\"valueRequired\":true,\"valueName\":\"search_term_string\"}}],\"inLanguage\":\"fr-FR\"},{\"@type\":\"Organization\",\"@id\":\"https:\\\/\\\/hws250.com\\\/fr\\\/#organization\",\"name\":\"Hotwire Systems\",\"url\":\"https:\\\/\\\/hws250.com\\\/fr\\\/\",\"logo\":{\"@type\":\"ImageObject\",\"inLanguage\":\"fr-FR\",\"@id\":\"https:\\\/\\\/hws250.com\\\/fr\\\/#\\\/schema\\\/logo\\\/image\\\/\",\"url\":\"https:\\\/\\\/hws250.com\\\/wp-content\\\/uploads\\\/2018\\\/07\\\/hws-logo-s.png\",\"contentUrl\":\"https:\\\/\\\/hws250.com\\\/wp-content\\\/uploads\\\/2018\\\/07\\\/hws-logo-s.png\",\"width\":215,\"height\":55,\"caption\":\"Hotwire Systems\"},\"image\":{\"@id\":\"https:\\\/\\\/hws250.com\\\/fr\\\/#\\\/schema\\\/logo\\\/image\\\/\"}}]}<\/script>\n<!-- \/ Yoast SEO plugin. -->","yoast_head_json":{"title":"Plateforme de rainurage Groover | Rainures et feuillures d\u00e9coup\u00e9es","description":"Plateforme de rainurage est con\u00e7ue pour d\u00e9couper des rainures de diff\u00e9rents diam\u00e8tres pour les conduites d'eau, les c\u00e2bles \u00e9lectriques","robots":{"index":"index","follow":"follow","max-snippet":"max-snippet:-1","max-image-preview":"max-image-preview:large","max-video-preview":"max-video-preview:-1"},"canonical":"https:\/\/hws250.com\/fr\/shop\/plateforme-de-rainurage-groover\/","og_locale":"fr_FR","og_type":"article","og_title":"Plateforme de rainurage Groover | Rainures et feuillures d\u00e9coup\u00e9es","og_description":"Plateforme de rainurage est con\u00e7ue pour d\u00e9couper des rainures de diff\u00e9rents diam\u00e8tres pour les conduites d'eau, les c\u00e2bles \u00e9lectriques","og_url":"https:\/\/hws250.com\/fr\/shop\/plateforme-de-rainurage-groover\/","og_site_name":"Hot knife cutter HWS250!","article_modified_time":"2024-01-31T22:22:29+00:00","og_image":[{"width":700,"height":700,"url":"https:\/\/hws250.com\/wp-content\/uploads\/2018\/03\/plateforme-de-rainurage-groover.jpg","type":"image\/jpeg"}],"twitter_card":"summary_large_image","twitter_misc":{"Dur\u00e9e de lecture estim\u00e9e":"1 minute"},"schema":{"@context":"https:\/\/schema.org","@graph":[{"@type":"WebPage","@id":"https:\/\/hws250.com\/fr\/shop\/plateforme-de-rainurage-groover\/","url":"https:\/\/hws250.com\/fr\/shop\/plateforme-de-rainurage-groover\/","name":"Plateforme de rainurage Groover | Rainures et feuillures d\u00e9coup\u00e9es","isPartOf":{"@id":"https:\/\/hws250.com\/fr\/#website"},"primaryImageOfPage":{"@id":"https:\/\/hws250.com\/fr\/shop\/plateforme-de-rainurage-groover\/#primaryimage"},"image":{"@id":"https:\/\/hws250.com\/fr\/shop\/plateforme-de-rainurage-groover\/#primaryimage"},"thumbnailUrl":"https:\/\/hws250.com\/wp-content\/uploads\/2018\/03\/plateforme-de-rainurage-groover.jpg","datePublished":"2018-03-05T09:50:46+00:00","dateModified":"2024-01-31T22:22:29+00:00","description":"Plateforme de rainurage est con\u00e7ue pour d\u00e9couper des rainures de diff\u00e9rents diam\u00e8tres pour les conduites d'eau, les c\u00e2bles \u00e9lectriques","breadcrumb":{"@id":"https:\/\/hws250.com\/fr\/shop\/plateforme-de-rainurage-groover\/#breadcrumb"},"inLanguage":"fr-FR","potentialAction":[{"@type":"ReadAction","target":["https:\/\/hws250.com\/fr\/shop\/plateforme-de-rainurage-groover\/"]}]},{"@type":"ImageObject","inLanguage":"fr-FR","@id":"https:\/\/hws250.com\/fr\/shop\/plateforme-de-rainurage-groover\/#primaryimage","url":"https:\/\/hws250.com\/wp-content\/uploads\/2018\/03\/plateforme-de-rainurage-groover.jpg","contentUrl":"https:\/\/hws250.com\/wp-content\/uploads\/2018\/03\/plateforme-de-rainurage-groover.jpg","width":700,"height":700,"caption":"Plateforme de rainurage GROOVER"},{"@type":"BreadcrumbList","@id":"https:\/\/hws250.com\/fr\/shop\/plateforme-de-rainurage-groover\/#breadcrumb","itemListElement":[{"@type":"ListItem","position":1,"name":"Home","item":"https:\/\/hws250.com\/fr\/"},{"@type":"ListItem","position":2,"name":"Boutique","item":"https:\/\/hws250.com\/fr\/boutique\/"},{"@type":"ListItem","position":3,"name":"Plateforme de rainurage &#8220;GROOVER&#8221;"}]},{"@type":"WebSite","@id":"https:\/\/hws250.com\/fr\/#website","url":"https:\/\/hws250.com\/fr\/","name":"Hot knife cutter HWS250!","description":"","publisher":{"@id":"https:\/\/hws250.com\/fr\/#organization"},"potentialAction":[{"@type":"SearchAction","target":{"@type":"EntryPoint","urlTemplate":"https:\/\/hws250.com\/fr\/?s={search_term_string}"},"query-input":{"@type":"PropertyValueSpecification","valueRequired":true,"valueName":"search_term_string"}}],"inLanguage":"fr-FR"},{"@type":"Organization","@id":"https:\/\/hws250.com\/fr\/#organization","name":"Hotwire Systems","url":"https:\/\/hws250.com\/fr\/","logo":{"@type":"ImageObject","inLanguage":"fr-FR","@id":"https:\/\/hws250.com\/fr\/#\/schema\/logo\/image\/","url":"https:\/\/hws250.com\/wp-content\/uploads\/2018\/07\/hws-logo-s.png","contentUrl":"https:\/\/hws250.com\/wp-content\/uploads\/2018\/07\/hws-logo-s.png","width":215,"height":55,"caption":"Hotwire Systems"},"image":{"@id":"https:\/\/hws250.com\/fr\/#\/schema\/logo\/image\/"}}]}},"_links":{"self":[{"href":"https:\/\/hws250.com\/fr\/wp-json\/wp\/v2\/product\/1531","targetHints":{"allow":["GET"]}}],"collection":[{"href":"https:\/\/hws250.com\/fr\/wp-json\/wp\/v2\/product"}],"about":[{"href":"https:\/\/hws250.com\/fr\/wp-json\/wp\/v2\/types\/product"}],"replies":[{"embeddable":true,"href":"https:\/\/hws250.com\/fr\/wp-json\/wp\/v2\/comments?post=1531"}],"wp:featuredmedia":[{"embeddable":true,"href":"https:\/\/hws250.com\/fr\/wp-json\/wp\/v2\/media\/4189"}],"wp:attachment":[{"href":"https:\/\/hws250.com\/fr\/wp-json\/wp\/v2\/media?parent=1531"}],"wp:term":[{"taxonomy":"product_brand","embeddable":true,"href":"https:\/\/hws250.com\/fr\/wp-json\/wp\/v2\/product_brand?post=1531"},{"taxonomy":"product_cat","embeddable":true,"href":"https:\/\/hws250.com\/fr\/wp-json\/wp\/v2\/product_cat?post=1531"},{"taxonomy":"product_tag","embeddable":true,"href":"https:\/\/hws250.com\/fr\/wp-json\/wp\/v2\/product_tag?post=1531"}],"curies":[{"name":"wp","href":"https:\/\/api.w.org\/{rel}","templated":true}]}}