{"id":1806,"date":"2018-05-13T18:32:23","date_gmt":"2018-05-13T15:32:23","guid":{"rendered":"https:\/\/hws250.com\/shop\/trousse-a-outils-professionnelle-pour-plombier\/"},"modified":"2021-04-18T22:21:54","modified_gmt":"2021-04-18T19:21:54","slug":"professionnelle-pour-plombier","status":"publish","type":"product","link":"https:\/\/hws250.com\/fr\/shop\/professionnelle-pour-plombier\/","title":{"rendered":"Trousse \u00e0 outils professionnelle pour plombier!"},"content":{"rendered":"<p><span style=\"color: #000000;\"><span style=\"font-size: 16px;\">Professionnelle pour plombier\u00a0comprendre:\u00a0Couteau thermique HWS250! + Plateforme de rainurage \u00ab\u00a0GROOVER\u00a0\u00bb\u00a0+\u00a0Lame pliable Type-G30! &#8211; 2x<\/span><\/span><\/p>\n<p><span style=\"color: #000000;\"><span style=\"font-size: 16px;\">Le d\u00e9coupe-polystyr\u00e8ne HWS250!, \u00e9galement appel\u00e9 \u00ab\u00a0couteau thermique\u00a0\u00bb, est con\u00e7u pour d\u00e9couper divers mat\u00e9riaux \u00e0 base de polystyr\u00e8ne, tels que le polystyr\u00e8ne expans\u00e9 (EPS) et le polystyr\u00e8ne extrud\u00e9 (XPS), ou des mat\u00e9riaux similaires.\u00a0<\/span><span style=\"font-size: 16px;\">Le d\u00e9coupe-polystyr\u00e8ne HWS250! s&rsquo;est rapidement montr\u00e9 indispensable sur les chantiers, dans les studios de design, chez les maquettistes et les amateurs de loisirs cr\u00e9atifs.<\/span><\/span><\/p>\n<p><span style=\"font-size: 16px; color: #000000;\">Plateforme de rainurage \u00ab\u00a0GROOVER\u00a0\u00bb est con\u00e7u pour r\u00e9aliser diff\u00e9rentes rainures, renfoncements et d\u00e9coupes d\u2019angle ou pour d\u00e9couper n\u2019importe quelle forme gr\u00e2ce \u00e0 la lame pliable Type-G30. <em>(l&rsquo;accessoire ne rentre pas dans la mallette).<\/em><\/span><\/p>\n<p><span style=\"color: #000000; font-size: 16px;\">La forme de la lame Type-G30! (par exemple, un demi-cercle avec des diam\u00e8tres diff\u00e9rents pour d\u00e9couper des rainures pour les gaines) peut \u00eatre modifi\u00e9e \u00e0 la main ou en utilisant n&rsquo;importe quel outil. Mise en place\/remplacement des lames rapide et facile<\/span><\/p>\n<h3><span style=\"color: #f27c00;\">INFORMATIONS TECHNIQUES<span style=\"color: #808080;\">:<\/span><br \/>\n<\/span><\/h3>\n<ul style=\"list-style-type: circle;\">\n<li><span style=\"font-size: 16px;\"><span style=\"color: #000000;\">Tension secteur:<\/span>\u00a0<span style=\"background-color: #ff6600;\">\u00a0<\/span><span style=\"background-color: #ff6600; color: #ffffff;\">230 VAC &#8211; 50Hz\u00a0<\/span> |\u00a0<span style=\"background-color: #808080;\">\u00a0<span style=\"color: #ffffff;\">110VAC &#8211; 60Hz\u00a0<\/span><\/span><\/span><\/li>\n<li><span style=\"color: #000000; font-size: 12pt;\">Puissance: max. 320 Watt<\/span><\/li>\n<li><span style=\"color: #000000; font-size: 12pt;\">Cordon d&rsquo;alimentation: 2 m. | 78.74 polegadas.<\/span><\/li>\n<li><span style=\"color: #000000; font-size: 12pt;\">Temp\u00e9rature de fonctionnement:\u00a0 0\u00b0 to +35\u00b0 C | 32\u00b0 to +95\u00b0 F\u00a0<\/span><\/li>\n<li><span style=\"color: #000000; font-size: 12pt;\">Temp\u00e9rature de la lame: max. 500\u00b0 C | max.\u00a0932\u00b0 F<\/span><\/li>\n<li><span style=\"color: #000000; font-size: 12pt;\">Type de prise: EURO Type F,E (230V) | Bouchon industriel 2P+E (110V).<\/span><\/li>\n<li><span style=\"color: #000000; font-size: 12pt;\">Profondeur de coupe: jusqu&rsquo;\u00e0 240mm | 9.44 polegadas.<\/span><\/li>\n<li><span style=\"color: #000000; font-size: 12pt;\">Poids: 0,550kg | 1.21 lbs.<\/span><\/li>\n<li><span style=\"color: #000000; font-size: 12pt;\">Ventilation de refroidissement par air int\u00e9gr\u00e9e.<\/span><\/li>\n<li><span style=\"color: #000000; font-size: 12pt;\">Contr\u00f4leur de puissance pas \u00e0 pas.<\/span><\/li>\n<li><span style=\"color: #000000; font-size: 12pt;\">Pr\u00eat \u00e0 l&#8217;emploi en 3-5 sec.<\/span><\/li>\n<li><span style=\"font-size: 12pt; color: #000000;\">Marquage CE (EU)<\/span><\/li>\n<\/ul>\n<hr \/>\n<h3 class=\"second\"><span style=\"color: #f27c00;\">Professionnelle pour plombier <span style=\"color: #808080;\">comprendre:<\/span><\/span><\/h3>\n<ul style=\"list-style-type: circle;\">\n<li><span style=\"color: #000000; font-size: 16px;\">Couteau thermique HWS250!<\/span><\/li>\n<li><span style=\"color: #000000; font-size: 16px;\">Lame coupante Type-D25 (L=250 mm | 9.84 polegadas)<\/span><\/li>\n<li><span style=\"color: #000000; font-size: 16px;\">Brosse en laiton<\/span><\/li>\n<li><span style=\"color: #000000; font-size: 16px;\">Cl\u00e9 Allen +\u00a0<\/span><span style=\"color: #000000; font-size: 16px;\">M\u00e8tre ruban +\u00a0<\/span><span style=\"color: #000000; font-size: 16px;\">Manuel utilisateur<br \/>\n<\/span><\/li>\n<li><span style=\"color: #000000; font-size: 16px;\">Mallette de transport<\/span><\/li>\n<li><span style=\"color: #000000; font-size: 16px;\">Lame pliable Type-G30! &#8211; 2x<\/span><\/li>\n<li><span style=\"font-size: 16px; color: #000000;\">Plateforme de rainurage\u00a0\u00ab\u00a0GROOVER\u00a0\u00bb<\/span><\/li>\n<\/ul>\n<hr \/>\n<p><span style=\"font-size: 16px;\"><span style=\"color: #ff6600;\"><strong>|<\/strong> <\/span>La <strong>livraison internationale <\/strong>est effectu\u00e9e par:\u00a0<strong><a href=\"http:\/\/www.tnt.com\">TNT<\/a>, <a href=\"http:\/\/www.ups.com\">UPS<\/a>, <a href=\"http:\/\/www.dpd.com\">DPD<\/a>, <a href=\"http:\/\/www.omniva.ee\/en\">Poste r\u00e9gulier.<\/a><a href=\"http:\/\/www.omniva.ee\/en\">\u00a0<\/a><\/strong><a href=\"https:\/\/hws250.com\/fr\/livraison-internationale\/\" target=\"_blank\" rel=\"noopener noreferrer\"><span style=\"color: #808080;\">Conditions d&rsquo;exp\u00e9dition!<\/span><\/a><strong><br \/>\n<\/strong><\/span><\/p>\n<hr \/>\n<h3 style=\"text-align: center;\">\t\t<div data-elementor-type=\"page\" data-elementor-id=\"6763\" class=\"elementor elementor-6763 elementor-414\" data-elementor-post-type=\"elementor_library\">\n\t\t\t\t\t\t<section class=\"elementor-section elementor-top-section elementor-element elementor-element-b2496b8 elementor-section-boxed elementor-section-height-default elementor-section-height-default\" data-id=\"b2496b8\" data-element_type=\"section\" data-e-type=\"section\">\n\t\t\t\t\t\t<div class=\"elementor-container elementor-column-gap-default\">\n\t\t\t\t\t<div class=\"elementor-column elementor-col-50 elementor-top-column elementor-element elementor-element-4a4d6b5\" data-id=\"4a4d6b5\" data-element_type=\"column\" data-e-type=\"column\">\n\t\t\t<div class=\"elementor-widget-wrap elementor-element-populated\">\n\t\t\t\t\t\t<div class=\"elementor-element elementor-element-c5c9b9a elementor-widget elementor-widget-heading\" data-id=\"c5c9b9a\" data-element_type=\"widget\" data-e-type=\"widget\" data-widget_type=\"heading.default\">\n\t\t\t\t<div class=\"elementor-widget-container\">\n\t\t\t\t\t<h3 class=\"elementor-heading-title elementor-size-default\">HWS250! Vid\u00e9o compl\u00e8te!<\/h3>\t\t\t\t<\/div>\n\t\t\t\t<\/div>\n\t\t\t\t<div class=\"elementor-element elementor-element-d48de24 elementor-widget-divider--view-line elementor-widget elementor-widget-divider\" data-id=\"d48de24\" data-element_type=\"widget\" data-e-type=\"widget\" data-widget_type=\"divider.default\">\n\t\t\t\t<div class=\"elementor-widget-container\">\n\t\t\t\t\t\t\t<div class=\"elementor-divider\">\n\t\t\t<span class=\"elementor-divider-separator\">\n\t\t\t\t\t\t<\/span>\n\t\t<\/div>\n\t\t\t\t\t\t<\/div>\n\t\t\t\t<\/div>\n\t\t\t\t<div class=\"elementor-element elementor-element-1435281 elementor-widget elementor-widget-video\" data-id=\"1435281\" data-element_type=\"widget\" data-e-type=\"widget\" data-settings=\"{&quot;yt_privacy&quot;:&quot;yes&quot;,&quot;youtube_url&quot;:&quot;https:\\\/\\\/youtu.be\\\/VUlTAbXV1Fo&quot;,&quot;video_type&quot;:&quot;youtube&quot;,&quot;controls&quot;:&quot;yes&quot;}\" data-widget_type=\"video.default\">\n\t\t\t\t<div class=\"elementor-widget-container\">\n\t\t\t\t\t\t\t<div class=\"elementor-wrapper elementor-open-inline\">\n\t\t\t<div class=\"elementor-video\"><\/div>\t\t<\/div>\n\t\t\t\t\t\t<\/div>\n\t\t\t\t<\/div>\n\t\t\t\t\t<\/div>\n\t\t<\/div>\n\t\t\t\t<div class=\"elementor-column elementor-col-50 elementor-top-column elementor-element elementor-element-d37962f\" data-id=\"d37962f\" data-element_type=\"column\" data-e-type=\"column\">\n\t\t\t<div class=\"elementor-widget-wrap elementor-element-populated\">\n\t\t\t\t\t\t<div class=\"elementor-element elementor-element-324103d elementor-widget elementor-widget-heading\" data-id=\"324103d\" data-element_type=\"widget\" data-e-type=\"widget\" data-widget_type=\"heading.default\">\n\t\t\t\t<div class=\"elementor-widget-container\">\n\t\t\t\t\t<h3 class=\"elementor-heading-title elementor-size-default\">HWS250! Kit de d\u00e9part!<\/h3>\t\t\t\t<\/div>\n\t\t\t\t<\/div>\n\t\t\t\t<div class=\"elementor-element elementor-element-a406942 elementor-widget-divider--view-line elementor-widget elementor-widget-divider\" data-id=\"a406942\" data-element_type=\"widget\" data-e-type=\"widget\" data-widget_type=\"divider.default\">\n\t\t\t\t<div class=\"elementor-widget-container\">\n\t\t\t\t\t\t\t<div class=\"elementor-divider\">\n\t\t\t<span class=\"elementor-divider-separator\">\n\t\t\t\t\t\t<\/span>\n\t\t<\/div>\n\t\t\t\t\t\t<\/div>\n\t\t\t\t<\/div>\n\t\t\t\t<div class=\"elementor-element elementor-element-062df75 elementor-widget elementor-widget-video\" data-id=\"062df75\" data-element_type=\"widget\" data-e-type=\"widget\" data-settings=\"{&quot;yt_privacy&quot;:&quot;yes&quot;,&quot;youtube_url&quot;:&quot;https:\\\/\\\/youtu.be\\\/i0MDWm-tpg8&quot;,&quot;video_type&quot;:&quot;youtube&quot;,&quot;controls&quot;:&quot;yes&quot;}\" data-widget_type=\"video.default\">\n\t\t\t\t<div class=\"elementor-widget-container\">\n\t\t\t\t\t\t\t<div class=\"elementor-wrapper elementor-open-inline\">\n\t\t\t<div class=\"elementor-video\"><\/div>\t\t<\/div>\n\t\t\t\t\t\t<\/div>\n\t\t\t\t<\/div>\n\t\t\t\t\t<\/div>\n\t\t<\/div>\n\t\t\t\t\t<\/div>\n\t\t<\/section>\n\t\t\t\t<\/div>\n\t\t<\/h3>\n<hr \/>\n<p style=\"text-align: center;\">\t\t<div data-elementor-type=\"page\" data-elementor-id=\"6748\" class=\"elementor elementor-6748 elementor-6348\" data-elementor-post-type=\"elementor_library\">\n\t\t\t\t\t\t<section class=\"elementor-section elementor-top-section elementor-element elementor-element-7742e54 elementor-section-boxed elementor-section-height-default elementor-section-height-default\" data-id=\"7742e54\" data-element_type=\"section\" data-e-type=\"section\">\n\t\t\t\t\t\t<div class=\"elementor-container elementor-column-gap-default\">\n\t\t\t\t\t<div class=\"elementor-column elementor-col-100 elementor-top-column elementor-element elementor-element-6da4305\" data-id=\"6da4305\" data-element_type=\"column\" data-e-type=\"column\">\n\t\t\t<div class=\"elementor-widget-wrap elementor-element-populated\">\n\t\t\t\t\t\t<div class=\"elementor-element elementor-element-5464f49 elementor-widget elementor-widget-text-editor\" data-id=\"5464f49\" data-element_type=\"widget\" data-e-type=\"widget\" data-widget_type=\"text-editor.default\">\n\t\t\t\t<div class=\"elementor-widget-container\">\n\t\t\t\t\t\t\t\t\t<h3 style=\"text-align: center;\"><span style=\"font-size: 36px;\"><span style=\"color: #ff6600;\">Vous voulez nous contacter?<\/span><br \/><span style=\"color: #808080;\">Nous serons ravis de parler avec vous!<\/span><\/span><\/h3><p style=\"text-align: center;\"><span style=\"font-size: 20px;\">Vous pouvez chatter avec nous en cliquant en bas \u00e0 droite de la page<br \/>ou nous envoyer un e-mail:\u00a0<span style=\"color: #0000ff;\">shop@hws250.com<\/span><\/span><\/p>\t\t\t\t\t\t\t\t<\/div>\n\t\t\t\t<\/div>\n\t\t\t\t\t<\/div>\n\t\t<\/div>\n\t\t\t\t\t<\/div>\n\t\t<\/section>\n\t\t\t\t<\/div>\n\t\t<\/p>\n<hr \/>\n<p style=\"text-align: center;\">\n","protected":false},"excerpt":{"rendered":"<h3><span style=\"color: #ff6600;\">Un <span style=\"color: #808080;\">ensemble de coupe unique<\/span> pour les travaux \u00e9lectriques!<\/span><\/h3>\n<p><span style=\"font-size: 12pt; color: #000000;\">Vous utilisez toujours les anciennes m\u00e9thodes pour d\u00e9couper le polystyr\u00e8ne? Comme la scie sauteuse, le couteau ou la scie manuelle?\u00a0Cela cr\u00e9e beaucoup de d\u00e9bris, de poussi\u00e8res et de particules? N&rsquo;est-ce pas?\u00a0Et \u00eates-vous vraiment satisfait des r\u00e9sultats obtenus?<\/span><\/p>\n<p><span style=\"font-size: 12pt; color: #000000;\">Nous vous proposons une solution qui fonctionne 100.01% fois mieux que toutes les m\u00e9thodes que vous avez d\u00e9j\u00e0 essay\u00e9es &#8211; Trousse \u00e0 outils professionnelle pour plombier. Ce kit professionnel est sp\u00e9cifiquement con\u00e7u pour r\u00e9aliser toutes les d\u00e9coupes de rainures rapidement et pr\u00e9cis\u00e9ment sur des mousses polystyr\u00e8ne EPS ou XPS! Particuli\u00e8rement utile pour la pose de c\u00e2bles \u00e9lectriques et de gaines.<\/span><\/p>\n","protected":false},"featured_media":8891,"comment_status":"closed","ping_status":"closed","template":"","meta":{"ocean_post_layout":"","ocean_both_sidebars_style":"","ocean_both_sidebars_content_width":0,"ocean_both_sidebars_sidebars_width":0,"ocean_sidebar":"0","ocean_second_sidebar":"0","ocean_disable_margins":"enable","ocean_add_body_class":"","ocean_shortcode_before_top_bar":"","ocean_shortcode_after_top_bar":"","ocean_shortcode_before_header":"","ocean_shortcode_after_header":"","ocean_has_shortcode":"","ocean_shortcode_after_title":"","ocean_shortcode_before_footer_widgets":"","ocean_shortcode_after_footer_widgets":"","ocean_shortcode_before_footer_bottom":"","ocean_shortcode_after_footer_bottom":"","ocean_display_top_bar":"default","ocean_display_header":"default","ocean_header_style":"","ocean_center_header_left_menu":"0","ocean_custom_header_template":"0","ocean_custom_logo":0,"ocean_custom_retina_logo":0,"ocean_custom_logo_max_width":0,"ocean_custom_logo_tablet_max_width":0,"ocean_custom_logo_mobile_max_width":0,"ocean_custom_logo_max_height":0,"ocean_custom_logo_tablet_max_height":0,"ocean_custom_logo_mobile_max_height":0,"ocean_header_custom_menu":"0","ocean_menu_typo_font_family":"0","ocean_menu_typo_font_subset":"","ocean_menu_typo_font_size":0,"ocean_menu_typo_font_size_tablet":0,"ocean_menu_typo_font_size_mobile":0,"ocean_menu_typo_font_size_unit":"px","ocean_menu_typo_font_weight":"","ocean_menu_typo_font_weight_tablet":"","ocean_menu_typo_font_weight_mobile":"","ocean_menu_typo_transform":"","ocean_menu_typo_transform_tablet":"","ocean_menu_typo_transform_mobile":"","ocean_menu_typo_line_height":0,"ocean_menu_typo_line_height_tablet":0,"ocean_menu_typo_line_height_mobile":0,"ocean_menu_typo_line_height_unit":"","ocean_menu_typo_spacing":0,"ocean_menu_typo_spacing_tablet":0,"ocean_menu_typo_spacing_mobile":0,"ocean_menu_typo_spacing_unit":"","ocean_menu_link_color":"","ocean_menu_link_color_hover":"","ocean_menu_link_color_active":"","ocean_menu_link_background":"","ocean_menu_link_hover_background":"","ocean_menu_link_active_background":"","ocean_menu_social_links_bg":"","ocean_menu_social_hover_links_bg":"","ocean_menu_social_links_color":"","ocean_menu_social_hover_links_color":"","ocean_disable_title":"default","ocean_disable_heading":"default","ocean_post_title":"","ocean_post_subheading":"","ocean_post_title_style":"","ocean_post_title_background_color":"","ocean_post_title_background":0,"ocean_post_title_bg_image_position":"","ocean_post_title_bg_image_attachment":"","ocean_post_title_bg_image_repeat":"","ocean_post_title_bg_image_size":"","ocean_post_title_height":0,"ocean_post_title_bg_overlay":0.5,"ocean_post_title_bg_overlay_color":"","ocean_disable_breadcrumbs":"default","ocean_breadcrumbs_color":"","ocean_breadcrumbs_separator_color":"","ocean_breadcrumbs_links_color":"","ocean_breadcrumbs_links_hover_color":"","ocean_display_footer_widgets":"default","ocean_display_footer_bottom":"default","ocean_custom_footer_template":"0","osh_disable_topbar_sticky":"default","osh_disable_header_sticky":"default","osh_sticky_header_style":"default","osh_sticky_header_effect":"","osh_custom_sticky_logo":0,"osh_custom_retina_sticky_logo":0,"osh_custom_sticky_logo_height":0,"osh_background_color":"","osh_links_color":"","osh_links_hover_color":"","osh_links_active_color":"","osh_links_bg_color":"","osh_links_hover_bg_color":"","osh_links_active_bg_color":"","osh_menu_social_links_color":"","osh_menu_social_hover_links_color":""},"product_brand":[],"product_cat":[49],"product_tag":[47,39,43],"class_list":{"0":"post-1806","1":"product","2":"type-product","3":"status-publish","4":"has-post-thumbnail","6":"product_cat-couteau-thermique","7":"product_tag-coupe-couteau-chaud","8":"product_tag-coupeur-thermique","9":"product_tag-decoupe-de-polystyrene","11":"entry","12":"has-media","14":"first","15":"instock","16":"sale","17":"taxable","18":"shipping-taxable","19":"purchasable","20":"product-type-variable","21":"col","22":"span_1_of_3","23":"owp-content-center","24":"owp-thumbs-layout-horizontal","25":"owp-btn-normal","26":"owp-tabs-layout-horizontal"},"yoast_head":"<!-- This site is optimized with the Yoast SEO plugin v27.3 - https:\/\/yoast.com\/product\/yoast-seo-wordpress\/ -->\n<title>Professionnelle pour plombier | Couteau thermique HWS250!<\/title>\n<meta name=\"description\" content=\"Professionnelle pour plombier est sp\u00e9cialement con\u00e7u pour r\u00e9aliser les d\u00e9coupes de rainures rapidement et propre sur des mousses polystyr\u00e8ne\" \/>\n<meta name=\"robots\" content=\"index, follow, max-snippet:-1, max-image-preview:large, max-video-preview:-1\" \/>\n<link rel=\"canonical\" href=\"https:\/\/hws250.com\/fr\/shop\/professionnelle-pour-plombier\/\" \/>\n<meta property=\"og:locale\" content=\"fr_FR\" \/>\n<meta property=\"og:type\" content=\"article\" \/>\n<meta property=\"og:title\" content=\"Professionnelle pour plombier | Couteau thermique HWS250!\" \/>\n<meta property=\"og:description\" content=\"Professionnelle pour plombier est sp\u00e9cialement con\u00e7u pour r\u00e9aliser les d\u00e9coupes de rainures rapidement et propre sur des mousses polystyr\u00e8ne\" \/>\n<meta property=\"og:url\" content=\"https:\/\/hws250.com\/fr\/shop\/professionnelle-pour-plombier\/\" \/>\n<meta property=\"og:site_name\" content=\"Hot knife cutter HWS250!\" \/>\n<meta property=\"article:modified_time\" content=\"2021-04-18T19:21:54+00:00\" \/>\n<meta property=\"og:image\" content=\"https:\/\/hws250.com\/wp-content\/uploads\/2018\/05\/professionnelle-pour-plombier-hws250.jpg\" \/>\n\t<meta property=\"og:image:width\" content=\"700\" \/>\n\t<meta property=\"og:image:height\" content=\"700\" \/>\n\t<meta property=\"og:image:type\" content=\"image\/jpeg\" \/>\n<meta name=\"twitter:card\" content=\"summary_large_image\" \/>\n<meta name=\"twitter:label1\" content=\"Dur\u00e9e de lecture estim\u00e9e\" \/>\n\t<meta name=\"twitter:data1\" content=\"2 minutes\" \/>\n<script type=\"application\/ld+json\" class=\"yoast-schema-graph\">{\"@context\":\"https:\\\/\\\/schema.org\",\"@graph\":[{\"@type\":\"WebPage\",\"@id\":\"https:\\\/\\\/hws250.com\\\/fr\\\/shop\\\/professionnelle-pour-plombier\\\/\",\"url\":\"https:\\\/\\\/hws250.com\\\/fr\\\/shop\\\/professionnelle-pour-plombier\\\/\",\"name\":\"Professionnelle pour plombier | Couteau thermique HWS250!\",\"isPartOf\":{\"@id\":\"https:\\\/\\\/hws250.com\\\/fr\\\/#website\"},\"primaryImageOfPage\":{\"@id\":\"https:\\\/\\\/hws250.com\\\/fr\\\/shop\\\/professionnelle-pour-plombier\\\/#primaryimage\"},\"image\":{\"@id\":\"https:\\\/\\\/hws250.com\\\/fr\\\/shop\\\/professionnelle-pour-plombier\\\/#primaryimage\"},\"thumbnailUrl\":\"https:\\\/\\\/hws250.com\\\/wp-content\\\/uploads\\\/2018\\\/05\\\/professionnelle-pour-plombier-hws250.jpg\",\"datePublished\":\"2018-05-13T15:32:23+00:00\",\"dateModified\":\"2021-04-18T19:21:54+00:00\",\"description\":\"Professionnelle pour plombier est sp\u00e9cialement con\u00e7u pour r\u00e9aliser les d\u00e9coupes de rainures rapidement et propre sur des mousses polystyr\u00e8ne\",\"breadcrumb\":{\"@id\":\"https:\\\/\\\/hws250.com\\\/fr\\\/shop\\\/professionnelle-pour-plombier\\\/#breadcrumb\"},\"inLanguage\":\"fr-FR\",\"potentialAction\":[{\"@type\":\"ReadAction\",\"target\":[\"https:\\\/\\\/hws250.com\\\/fr\\\/shop\\\/professionnelle-pour-plombier\\\/\"]}]},{\"@type\":\"ImageObject\",\"inLanguage\":\"fr-FR\",\"@id\":\"https:\\\/\\\/hws250.com\\\/fr\\\/shop\\\/professionnelle-pour-plombier\\\/#primaryimage\",\"url\":\"https:\\\/\\\/hws250.com\\\/wp-content\\\/uploads\\\/2018\\\/05\\\/professionnelle-pour-plombier-hws250.jpg\",\"contentUrl\":\"https:\\\/\\\/hws250.com\\\/wp-content\\\/uploads\\\/2018\\\/05\\\/professionnelle-pour-plombier-hws250.jpg\",\"width\":700,\"height\":700,\"caption\":\"Trousse \u00e0 outils professionnelle pour plombier!\"},{\"@type\":\"BreadcrumbList\",\"@id\":\"https:\\\/\\\/hws250.com\\\/fr\\\/shop\\\/professionnelle-pour-plombier\\\/#breadcrumb\",\"itemListElement\":[{\"@type\":\"ListItem\",\"position\":1,\"name\":\"Home\",\"item\":\"https:\\\/\\\/hws250.com\\\/fr\\\/\"},{\"@type\":\"ListItem\",\"position\":2,\"name\":\"Boutique\",\"item\":\"https:\\\/\\\/hws250.com\\\/fr\\\/boutique\\\/\"},{\"@type\":\"ListItem\",\"position\":3,\"name\":\"Trousse \u00e0 outils professionnelle pour plombier!\"}]},{\"@type\":\"WebSite\",\"@id\":\"https:\\\/\\\/hws250.com\\\/fr\\\/#website\",\"url\":\"https:\\\/\\\/hws250.com\\\/fr\\\/\",\"name\":\"Hot knife cutter HWS250!\",\"description\":\"\",\"publisher\":{\"@id\":\"https:\\\/\\\/hws250.com\\\/fr\\\/#organization\"},\"potentialAction\":[{\"@type\":\"SearchAction\",\"target\":{\"@type\":\"EntryPoint\",\"urlTemplate\":\"https:\\\/\\\/hws250.com\\\/fr\\\/?s={search_term_string}\"},\"query-input\":{\"@type\":\"PropertyValueSpecification\",\"valueRequired\":true,\"valueName\":\"search_term_string\"}}],\"inLanguage\":\"fr-FR\"},{\"@type\":\"Organization\",\"@id\":\"https:\\\/\\\/hws250.com\\\/fr\\\/#organization\",\"name\":\"Hotwire Systems\",\"url\":\"https:\\\/\\\/hws250.com\\\/fr\\\/\",\"logo\":{\"@type\":\"ImageObject\",\"inLanguage\":\"fr-FR\",\"@id\":\"https:\\\/\\\/hws250.com\\\/fr\\\/#\\\/schema\\\/logo\\\/image\\\/\",\"url\":\"https:\\\/\\\/hws250.com\\\/wp-content\\\/uploads\\\/2018\\\/07\\\/hws-logo-s.png\",\"contentUrl\":\"https:\\\/\\\/hws250.com\\\/wp-content\\\/uploads\\\/2018\\\/07\\\/hws-logo-s.png\",\"width\":215,\"height\":55,\"caption\":\"Hotwire Systems\"},\"image\":{\"@id\":\"https:\\\/\\\/hws250.com\\\/fr\\\/#\\\/schema\\\/logo\\\/image\\\/\"}}]}<\/script>\n<!-- \/ Yoast SEO plugin. -->","yoast_head_json":{"title":"Professionnelle pour plombier | Couteau thermique HWS250!","description":"Professionnelle pour plombier est sp\u00e9cialement con\u00e7u pour r\u00e9aliser les d\u00e9coupes de rainures rapidement et propre sur des mousses polystyr\u00e8ne","robots":{"index":"index","follow":"follow","max-snippet":"max-snippet:-1","max-image-preview":"max-image-preview:large","max-video-preview":"max-video-preview:-1"},"canonical":"https:\/\/hws250.com\/fr\/shop\/professionnelle-pour-plombier\/","og_locale":"fr_FR","og_type":"article","og_title":"Professionnelle pour plombier | Couteau thermique HWS250!","og_description":"Professionnelle pour plombier est sp\u00e9cialement con\u00e7u pour r\u00e9aliser les d\u00e9coupes de rainures rapidement et propre sur des mousses polystyr\u00e8ne","og_url":"https:\/\/hws250.com\/fr\/shop\/professionnelle-pour-plombier\/","og_site_name":"Hot knife cutter HWS250!","article_modified_time":"2021-04-18T19:21:54+00:00","og_image":[{"width":700,"height":700,"url":"https:\/\/hws250.com\/wp-content\/uploads\/2018\/05\/professionnelle-pour-plombier-hws250.jpg","type":"image\/jpeg"}],"twitter_card":"summary_large_image","twitter_misc":{"Dur\u00e9e de lecture estim\u00e9e":"2 minutes"},"schema":{"@context":"https:\/\/schema.org","@graph":[{"@type":"WebPage","@id":"https:\/\/hws250.com\/fr\/shop\/professionnelle-pour-plombier\/","url":"https:\/\/hws250.com\/fr\/shop\/professionnelle-pour-plombier\/","name":"Professionnelle pour plombier | Couteau thermique HWS250!","isPartOf":{"@id":"https:\/\/hws250.com\/fr\/#website"},"primaryImageOfPage":{"@id":"https:\/\/hws250.com\/fr\/shop\/professionnelle-pour-plombier\/#primaryimage"},"image":{"@id":"https:\/\/hws250.com\/fr\/shop\/professionnelle-pour-plombier\/#primaryimage"},"thumbnailUrl":"https:\/\/hws250.com\/wp-content\/uploads\/2018\/05\/professionnelle-pour-plombier-hws250.jpg","datePublished":"2018-05-13T15:32:23+00:00","dateModified":"2021-04-18T19:21:54+00:00","description":"Professionnelle pour plombier est sp\u00e9cialement con\u00e7u pour r\u00e9aliser les d\u00e9coupes de rainures rapidement et propre sur des mousses polystyr\u00e8ne","breadcrumb":{"@id":"https:\/\/hws250.com\/fr\/shop\/professionnelle-pour-plombier\/#breadcrumb"},"inLanguage":"fr-FR","potentialAction":[{"@type":"ReadAction","target":["https:\/\/hws250.com\/fr\/shop\/professionnelle-pour-plombier\/"]}]},{"@type":"ImageObject","inLanguage":"fr-FR","@id":"https:\/\/hws250.com\/fr\/shop\/professionnelle-pour-plombier\/#primaryimage","url":"https:\/\/hws250.com\/wp-content\/uploads\/2018\/05\/professionnelle-pour-plombier-hws250.jpg","contentUrl":"https:\/\/hws250.com\/wp-content\/uploads\/2018\/05\/professionnelle-pour-plombier-hws250.jpg","width":700,"height":700,"caption":"Trousse \u00e0 outils professionnelle pour plombier!"},{"@type":"BreadcrumbList","@id":"https:\/\/hws250.com\/fr\/shop\/professionnelle-pour-plombier\/#breadcrumb","itemListElement":[{"@type":"ListItem","position":1,"name":"Home","item":"https:\/\/hws250.com\/fr\/"},{"@type":"ListItem","position":2,"name":"Boutique","item":"https:\/\/hws250.com\/fr\/boutique\/"},{"@type":"ListItem","position":3,"name":"Trousse \u00e0 outils professionnelle pour plombier!"}]},{"@type":"WebSite","@id":"https:\/\/hws250.com\/fr\/#website","url":"https:\/\/hws250.com\/fr\/","name":"Hot knife cutter HWS250!","description":"","publisher":{"@id":"https:\/\/hws250.com\/fr\/#organization"},"potentialAction":[{"@type":"SearchAction","target":{"@type":"EntryPoint","urlTemplate":"https:\/\/hws250.com\/fr\/?s={search_term_string}"},"query-input":{"@type":"PropertyValueSpecification","valueRequired":true,"valueName":"search_term_string"}}],"inLanguage":"fr-FR"},{"@type":"Organization","@id":"https:\/\/hws250.com\/fr\/#organization","name":"Hotwire Systems","url":"https:\/\/hws250.com\/fr\/","logo":{"@type":"ImageObject","inLanguage":"fr-FR","@id":"https:\/\/hws250.com\/fr\/#\/schema\/logo\/image\/","url":"https:\/\/hws250.com\/wp-content\/uploads\/2018\/07\/hws-logo-s.png","contentUrl":"https:\/\/hws250.com\/wp-content\/uploads\/2018\/07\/hws-logo-s.png","width":215,"height":55,"caption":"Hotwire Systems"},"image":{"@id":"https:\/\/hws250.com\/fr\/#\/schema\/logo\/image\/"}}]}},"_links":{"self":[{"href":"https:\/\/hws250.com\/fr\/wp-json\/wp\/v2\/product\/1806","targetHints":{"allow":["GET"]}}],"collection":[{"href":"https:\/\/hws250.com\/fr\/wp-json\/wp\/v2\/product"}],"about":[{"href":"https:\/\/hws250.com\/fr\/wp-json\/wp\/v2\/types\/product"}],"replies":[{"embeddable":true,"href":"https:\/\/hws250.com\/fr\/wp-json\/wp\/v2\/comments?post=1806"}],"wp:featuredmedia":[{"embeddable":true,"href":"https:\/\/hws250.com\/fr\/wp-json\/wp\/v2\/media\/8891"}],"wp:attachment":[{"href":"https:\/\/hws250.com\/fr\/wp-json\/wp\/v2\/media?parent=1806"}],"wp:term":[{"taxonomy":"product_brand","embeddable":true,"href":"https:\/\/hws250.com\/fr\/wp-json\/wp\/v2\/product_brand?post=1806"},{"taxonomy":"product_cat","embeddable":true,"href":"https:\/\/hws250.com\/fr\/wp-json\/wp\/v2\/product_cat?post=1806"},{"taxonomy":"product_tag","embeddable":true,"href":"https:\/\/hws250.com\/fr\/wp-json\/wp\/v2\/product_tag?post=1806"}],"curies":[{"name":"wp","href":"https:\/\/api.w.org\/{rel}","templated":true}]}}